{"id":3973,"date":"2024-08-29T20:48:07","date_gmt":"2024-08-29T20:48:07","guid":{"rendered":"https:\/\/active-in-winterberg.de\/?page_id=3973"},"modified":"2025-07-10T09:34:07","modified_gmt":"2025-07-10T09:34:07","slug":"team-power-buchen","status":"publish","type":"page","link":"https:\/\/active-in-winterberg.de\/nl\/team-power-buchen\/","title":{"rendered":"Team Power Buchen"},"content":{"rendered":"\t\t<div data-elementor-type=\"wp-page\" data-elementor-id=\"3973\" class=\"elementor elementor-3973\">\n\t\t\t\t<div class=\"elementor-element elementor-element-39c11a57 e-flex e-con-boxed e-con e-parent\" data-id=\"39c11a57\" data-element_type=\"container\" data-e-type=\"container\" data-settings=\"{&quot;background_background&quot;:&quot;classic&quot;}\">\n\t\t\t\t\t<div class=\"e-con-inner\">\n\t\t\t\t<div class=\"elementor-element elementor-element-59157558 elementor-widget elementor-widget-heading\" data-id=\"59157558\" data-element_type=\"widget\" data-e-type=\"widget\" data-widget_type=\"heading.default\">\n\t\t\t\t<div class=\"elementor-widget-container\">\n\t\t\t\t\t<h2 class=\"elementor-heading-title elementor-size-default\">Active in Winterberg\n<\/h2>\t\t\t\t<\/div>\n\t\t\t\t<\/div>\n\t\t\t\t<div class=\"elementor-element elementor-element-6d244e1 elementor-widget elementor-widget-heading\" data-id=\"6d244e1\" data-element_type=\"widget\" data-e-type=\"widget\" data-widget_type=\"heading.default\">\n\t\t\t\t<div class=\"elementor-widget-container\">\n\t\t\t\t\t<h2 class=\"elementor-heading-title elementor-size-default\">Teampower\n<\/h2>\t\t\t\t<\/div>\n\t\t\t\t<\/div>\n\t\t\t\t\t<\/div>\n\t\t\t\t<\/div>\n\t\t<div class=\"elementor-element elementor-element-5884bf45 e-flex e-con-boxed e-con e-parent\" data-id=\"5884bf45\" data-element_type=\"container\" data-e-type=\"container\" id=\"Bogenschie\u00dfen\" data-settings=\"{&quot;background_background&quot;:&quot;classic&quot;}\">\n\t\t\t\t\t<div class=\"e-con-inner\">\n\t\t<div class=\"elementor-element elementor-element-3448c3d9 e-con-full e-flex e-con e-child\" data-id=\"3448c3d9\" data-element_type=\"container\" data-e-type=\"container\">\n\t\t\t\t<div class=\"elementor-element elementor-element-1043df48 elementor-widget elementor-widget-heading\" data-id=\"1043df48\" data-element_type=\"widget\" data-e-type=\"widget\" data-widget_type=\"heading.default\">\n\t\t\t\t<div class=\"elementor-widget-container\">\n\t\t\t\t\t<h2 class=\"elementor-heading-title elementor-size-default\">Teampower<\/h2>\t\t\t\t<\/div>\n\t\t\t\t<\/div>\n\t\t<div class=\"elementor-element elementor-element-b67f48b e-con-full e-flex e-con e-child\" data-id=\"b67f48b\" data-element_type=\"container\" data-e-type=\"container\">\n\t\t\t\t<div class=\"elementor-element elementor-element-61c6ca2 elementor-widget-divider--view-line elementor-widget elementor-widget-divider\" data-id=\"61c6ca2\" data-element_type=\"widget\" data-e-type=\"widget\" data-widget_type=\"divider.default\">\n\t\t\t\t<div class=\"elementor-widget-container\">\n\t\t\t\t\t\t\t<div class=\"elementor-divider\">\n\t\t\t<span class=\"elementor-divider-separator\">\n\t\t\t\t\t\t<\/span>\n\t\t<\/div>\n\t\t\t\t\t\t<\/div>\n\t\t\t\t<\/div>\n\t\t\t\t<\/div>\n\t\t\t\t<div class=\"elementor-element elementor-element-55435fd9 elementor-widget__width-initial elementor-widget elementor-widget-text-editor\" data-id=\"55435fd9\" data-element_type=\"widget\" data-e-type=\"widget\" data-widget_type=\"text-editor.default\">\n\t\t\t\t<div class=\"elementor-widget-container\">\n\t\t\t\t\t\t\t\t\t<h1>Jouw Team in al haar kracht<\/h1><p>Beleef een dag met spannende opdrachten en oefeningen en werk samen aan Vertrouwen, Verantwoordelijkheid, Samenwerking en Communicatie.<\/p><p>Onze complexe opdrachten zijn zo ontworpen dat ze alleen kunnen worden opgelost als de hele groep samenwerkt en communiceert. Wie neemt een leidende rol aan en wie gaat verrassend oplossingsgericht te werk? En voor wie is het moeilijk om echt naar een ander te luisteren of een groepsgenoot ruimte te geven?<\/p><p>Op basis van vertrouwen en samenwerking kunnen de juiste strategie\u00ebn voor het oplossen van de taken worden gekozen. Bovenal is het belangrijk om samen de groep te organiseren en in overleg beslissingen uit te voeren om te zoeken naar de beste en meest effectieve oplossing voor de uitdaging.<\/p><p>Door ter plekke binnen de groep te reflecteren op de oefeningen, leer je welke benaderingen en actiepatronen goed werken in de groep en op welke gebieden de groep zich verder kan ontwikkelen.<\/p><p>De lunch kan op aanvraag worden bijgeboekt of zelfstandig worden georganiseerd.<\/p><p>Is er een specifiek gebied waarop u zich wilt richten? <br \/>Geef dit aan in uw aanvraag, dan maken wij een individueel programma.<\/p>\t\t\t\t\t\t\t\t<\/div>\n\t\t\t\t<\/div>\n\t\t\t\t<\/div>\n\t\t\t\t\t<\/div>\n\t\t\t\t<\/div>\n\t\t<div class=\"elementor-element elementor-element-87ef701 e-grid e-con-boxed e-con e-parent\" data-id=\"87ef701\" data-element_type=\"container\" data-e-type=\"container\" data-settings=\"{&quot;background_background&quot;:&quot;gradient&quot;}\">\n\t\t\t\t\t<div class=\"e-con-inner\">\n\t\t\t\t<div class=\"elementor-element elementor-element-2d38199 elementor-widget elementor-widget-text-editor\" data-id=\"2d38199\" data-element_type=\"widget\" data-e-type=\"widget\" data-widget_type=\"text-editor.default\">\n\t\t\t\t<div class=\"elementor-widget-container\">\n\t\t\t\t\t\t\t\t\t<h3>Doelgroep<\/h3><ul><li>vanaf 8 jaar, volwassen<\/li><li>Verenigingen, bedrijven, groepen<\/li><\/ul>\t\t\t\t\t\t\t\t<\/div>\n\t\t\t\t<\/div>\n\t\t\t\t<div class=\"elementor-element elementor-element-380248d elementor-widget elementor-widget-text-editor\" data-id=\"380248d\" data-element_type=\"widget\" data-e-type=\"widget\" data-widget_type=\"text-editor.default\">\n\t\t\t\t<div class=\"elementor-widget-container\">\n\t\t\t\t\t\t\t\t\t<h3 class=\"fe-icon-info\">Boekingsinformatie<\/h3><p>Groepsprijs: 28,00 \u20ac p.p.<\/p><p>Naar wens kunnen er verschillende <a href=\"https:\/\/active-in-winterberg.de\/nl\/programma-bouwstenen\/\"><span style=\"text-decoration: underline;\"><strong><span style=\"color: #00ccff; text-decoration: underline;\">Programma Bouwstenen<\/span><\/strong><\/span><\/a> worden toegevoegd. Gebruik hiervoor het <a href=\"https:\/\/active-in-winterberg.de\/nl\/anfrage-formular\/\"><span style=\"text-decoration: underline;\"><strong><span style=\"color: #00ccff; text-decoration: underline;\">Aanvraagformulier.<\/span><\/strong><\/span><\/a><\/p><p>Minimaal 10 personen<br \/>Bij minder deelnemers kan de tijdsduur van het programma worden aangepast.<\/p>\t\t\t\t\t\t\t\t<\/div>\n\t\t\t\t<\/div>\n\t\t\t\t<div class=\"elementor-element elementor-element-47ac53e elementor-widget elementor-widget-text-editor\" data-id=\"47ac53e\" data-element_type=\"widget\" data-e-type=\"widget\" data-widget_type=\"text-editor.default\">\n\t\t\t\t<div class=\"elementor-widget-container\">\n\t\t\t\t\t\t\t\t\t<h3>Tijdsduur\/ bijzonderheden<\/h3><p>Duur: 6 uur<\/p><p>Minstens 10 personen<br \/>Bij minder deelnemers kan de tijdsduur van het programma worden aangepast.<\/p>\t\t\t\t\t\t\t\t<\/div>\n\t\t\t\t<\/div>\n\t\t\t\t<div class=\"elementor-element elementor-element-abb8e98 elementor-widget elementor-widget-text-editor\" data-id=\"abb8e98\" data-element_type=\"widget\" data-e-type=\"widget\" data-widget_type=\"text-editor.default\">\n\t\t\t\t<div class=\"elementor-widget-container\">\n\t\t\t\t\t\t\t\t\t<h3 class=\"fe-icon-home\">Locatie<\/h3><p><strong>Schneewittchen Haus<\/strong><br \/>Am Waltenberg 119<br \/>Parkplatz 03<br \/>59955\u00a0 Winterberg<\/p>\t\t\t\t\t\t\t\t<\/div>\n\t\t\t\t<\/div>\n\t\t\t\t\t<\/div>\n\t\t\t\t<\/div>\n\t\t<div class=\"elementor-element elementor-element-332ad6a e-flex e-con-boxed e-con e-parent\" data-id=\"332ad6a\" data-element_type=\"container\" data-e-type=\"container\">\n\t\t\t\t\t<div class=\"e-con-inner\">\n\t\t\t\t<div class=\"elementor-element elementor-element-5fe7346 elementor-widget elementor-widget-heading\" data-id=\"5fe7346\" data-element_type=\"widget\" data-e-type=\"widget\" data-widget_type=\"heading.default\">\n\t\t\t\t<div class=\"elementor-widget-container\">\n\t\t\t\t\t<h2 class=\"elementor-heading-title elementor-size-default\">Unverbindliche Anfrage<\/h2>\t\t\t\t<\/div>\n\t\t\t\t<\/div>\n\t\t\t\t\t<\/div>\n\t\t\t\t<\/div>\n\t\t<div class=\"elementor-element elementor-element-b165a76 e-flex e-con-boxed e-con e-parent\" data-id=\"b165a76\" data-element_type=\"container\" data-e-type=\"container\">\n\t\t\t\t\t<div class=\"e-con-inner\">\n\t\t\t\t<div class=\"elementor-element elementor-element-0d72be3 elementor-widget elementor-widget-html\" data-id=\"0d72be3\" data-element_type=\"widget\" data-e-type=\"widget\" data-widget_type=\"html.default\">\n\t\t\t\t<div class=\"elementor-widget-container\">\n\t\t\t\t\t<iframe src='https:\/\/active.draussenbuchung.de\/kontakt\/index.php\/1\/?id_programme=42' style='border:0;width:100%;height:35rem;'><\/iframe>\t\t\t\t<\/div>\n\t\t\t\t<\/div>\n\t\t\t\t\t<\/div>\n\t\t\t\t<\/div>\n\t\t\t\t<section class=\"elementor-section elementor-top-section elementor-element elementor-element-41cd1ce elementor-section-content-middle elementor-section-boxed elementor-section-height-default elementor-section-height-default\" data-id=\"41cd1ce\" data-element_type=\"section\" data-e-type=\"section\" data-settings=\"{&quot;background_background&quot;:&quot;classic&quot;}\">\n\t\t\t\t\t\t\t<div class=\"elementor-background-overlay\"><\/div>\n\t\t\t\t\t\t\t<div class=\"elementor-container elementor-column-gap-extended\">\n\t\t\t\t\t<div class=\"elementor-column elementor-col-33 elementor-top-column elementor-element elementor-element-ecb6f00\" data-id=\"ecb6f00\" data-element_type=\"column\" data-e-type=\"column\">\n\t\t\t<div class=\"elementor-widget-wrap elementor-element-populated\">\n\t\t\t\t\t\t<section class=\"elementor-section elementor-inner-section elementor-element elementor-element-4a3f5fbe elementor-section-boxed elementor-section-height-default elementor-section-height-default\" data-id=\"4a3f5fbe\" data-element_type=\"section\" data-e-type=\"section\">\n\t\t\t\t\t\t<div class=\"elementor-container elementor-column-gap-no\">\n\t\t\t\t\t<div class=\"elementor-column elementor-col-100 elementor-inner-column elementor-element elementor-element-799ac36b elementor-hidden-mobile elementor-invisible\" data-id=\"799ac36b\" data-element_type=\"column\" data-e-type=\"column\" data-settings=\"{&quot;animation&quot;:&quot;fadeIn&quot;,&quot;animation_delay&quot;:150}\">\n\t\t\t<div class=\"elementor-widget-wrap elementor-element-populated\">\n\t\t\t\t\t\t<div class=\"elementor-element elementor-element-63d26051 elementor-invisible elementor-widget elementor-widget-heading\" data-id=\"63d26051\" data-element_type=\"widget\" data-e-type=\"widget\" data-settings=\"{&quot;_animation&quot;:&quot;fadeIn&quot;}\" data-widget_type=\"heading.default\">\n\t\t\t\t<div class=\"elementor-widget-container\">\n\t\t\t\t\t<h3 class=\"elementor-heading-title elementor-size-medium\">Kontakt<\/h3>\t\t\t\t<\/div>\n\t\t\t\t<\/div>\n\t\t\t\t\t<\/div>\n\t\t<\/div>\n\t\t\t\t\t<\/div>\n\t\t<\/section>\n\t\t\t\t<div class=\"elementor-element elementor-element-35708ae2 elementor-widget elementor-widget-text-editor\" data-id=\"35708ae2\" data-element_type=\"widget\" data-e-type=\"widget\" data-widget_type=\"text-editor.default\">\n\t\t\t\t<div class=\"elementor-widget-container\">\n\t\t\t\t\t\t\t\t\t<p>B\u00fcro:<br \/>Eugene Bolder<br \/>Active in Winterberg<br \/>Bergstra\u00dfe 35<br \/>59955\u00a0 Winterberg<\/p>\t\t\t\t\t\t\t\t<\/div>\n\t\t\t\t<\/div>\n\t\t\t\t<div class=\"elementor-element elementor-element-1feaad31 elementor-widget elementor-widget-text-editor\" data-id=\"1feaad31\" data-element_type=\"widget\" data-e-type=\"widget\" data-widget_type=\"text-editor.default\">\n\t\t\t\t<div class=\"elementor-widget-container\">\n\t\t\t\t\t\t\t\t\t<p>Activiteiten klimmen: <br \/>Active in Winterberg<br \/>Verzamelen JH Neuastenberg<br \/><span class=\"tp-address-street\">Winterberger Str. 1<\/span><br \/><span class=\"tp-address-zip\">59955<\/span>\u00a0<span class=\"tp-address-city\">Winterberg\/Neuastenberg<\/span><\/p>\t\t\t\t\t\t\t\t<\/div>\n\t\t\t\t<\/div>\n\t\t\t\t\t<\/div>\n\t\t<\/div>\n\t\t\t\t<div class=\"elementor-column elementor-col-33 elementor-top-column elementor-element elementor-element-255c0c85\" data-id=\"255c0c85\" data-element_type=\"column\" data-e-type=\"column\">\n\t\t\t<div class=\"elementor-widget-wrap elementor-element-populated\">\n\t\t\t\t\t\t<div class=\"elementor-element elementor-element-7456fc31 elementor-invisible elementor-widget elementor-widget-google_maps\" data-id=\"7456fc31\" data-element_type=\"widget\" data-e-type=\"widget\" data-settings=\"{&quot;_animation&quot;:&quot;fadeIn&quot;,&quot;_animation_delay&quot;:300}\" data-widget_type=\"google_maps.default\">\n\t\t\t\t<div class=\"elementor-widget-container\">\n\t\t\t\t\t\t\t<div class=\"elementor-custom-embed\">\n\t\t\t<iframe loading=\"lazy\"\n\t\t\t\t\tsrc=\"https:\/\/maps.google.com\/maps?q=59955%20Am%20Waltenberg%20119&#038;t=m&#038;z=10&#038;output=embed&#038;iwloc=near\"\n\t\t\t\t\ttitle=\"59955 Am Waltenberg 119\"\n\t\t\t\t\taria-label=\"59955 Am Waltenberg 119\"\n\t\t\t><\/iframe>\n\t\t<\/div>\n\t\t\t\t\t\t<\/div>\n\t\t\t\t<\/div>\n\t\t\t\t\t<\/div>\n\t\t<\/div>\n\t\t\t\t<div class=\"elementor-column elementor-col-33 elementor-top-column elementor-element elementor-element-5edfd0fe\" data-id=\"5edfd0fe\" data-element_type=\"column\" data-e-type=\"column\">\n\t\t\t<div class=\"elementor-widget-wrap elementor-element-populated\">\n\t\t\t\t\t\t<div class=\"elementor-element elementor-element-12bbe176 elementor-invisible elementor-widget elementor-widget-heading\" data-id=\"12bbe176\" data-element_type=\"widget\" data-e-type=\"widget\" data-settings=\"{&quot;_animation&quot;:&quot;fadeIn&quot;}\" data-widget_type=\"heading.default\">\n\t\t\t\t<div class=\"elementor-widget-container\">\n\t\t\t\t\t<h3 class=\"elementor-heading-title elementor-size-medium\">Social Media<\/h3>\t\t\t\t<\/div>\n\t\t\t\t<\/div>\n\t\t\t\t<div class=\"elementor-element elementor-element-7e91f3b8 elementor-shape-square e-grid-align-left elementor-grid-0 elementor-widget elementor-widget-social-icons\" data-id=\"7e91f3b8\" data-element_type=\"widget\" data-e-type=\"widget\" data-widget_type=\"social-icons.default\">\n\t\t\t\t<div class=\"elementor-widget-container\">\n\t\t\t\t\t\t\t<div class=\"elementor-social-icons-wrapper elementor-grid\" role=\"list\">\n\t\t\t\t\t\t\t<span class=\"elementor-grid-item\" role=\"listitem\">\n\t\t\t\t\t<a class=\"elementor-icon elementor-social-icon elementor-social-icon-facebook-f elementor-animation-float elementor-repeater-item-fb21e6a\" href=\"https:\/\/www.facebook.com\/search\/top\/?q=active%20in%20winterberg&#038;ref=eyJzaWQiOiIwLjU2NjU3O\" target=\"_blank\">\n\t\t\t\t\t\t<span class=\"elementor-screen-only\">Facebook-f<\/span>\n\t\t\t\t\t\t<i aria-hidden=\"true\" class=\"fab fa-facebook-f\"><\/i>\t\t\t\t\t<\/a>\n\t\t\t\t<\/span>\n\t\t\t\t\t\t\t<span class=\"elementor-grid-item\" role=\"listitem\">\n\t\t\t\t\t<a class=\"elementor-icon elementor-social-icon elementor-social-icon-twitter elementor-animation-float elementor-repeater-item-2587fab\" target=\"_blank\">\n\t\t\t\t\t\t<span class=\"elementor-screen-only\">Twitter<\/span>\n\t\t\t\t\t\t<i aria-hidden=\"true\" class=\"fab fa-twitter\"><\/i>\t\t\t\t\t<\/a>\n\t\t\t\t<\/span>\n\t\t\t\t\t\t\t<span class=\"elementor-grid-item\" role=\"listitem\">\n\t\t\t\t\t<a class=\"elementor-icon elementor-social-icon elementor-social-icon-google-plus-g elementor-animation-float elementor-repeater-item-6c65ae8\" target=\"_blank\">\n\t\t\t\t\t\t<span class=\"elementor-screen-only\">Google-plus-g<\/span>\n\t\t\t\t\t\t<i aria-hidden=\"true\" class=\"fab fa-google-plus-g\"><\/i>\t\t\t\t\t<\/a>\n\t\t\t\t<\/span>\n\t\t\t\t\t\t\t<span class=\"elementor-grid-item\" role=\"listitem\">\n\t\t\t\t\t<a class=\"elementor-icon elementor-social-icon elementor-social-icon-instagram elementor-animation-float elementor-repeater-item-24da18a\" target=\"_blank\">\n\t\t\t\t\t\t<span class=\"elementor-screen-only\">Instagram<\/span>\n\t\t\t\t\t\t<i aria-hidden=\"true\" class=\"fab fa-instagram\"><\/i>\t\t\t\t\t<\/a>\n\t\t\t\t<\/span>\n\t\t\t\t\t<\/div>\n\t\t\t\t\t\t<\/div>\n\t\t\t\t<\/div>\n\t\t\t\t<div class=\"elementor-element elementor-element-15b3d4e3 elementor-widget elementor-widget-text-editor\" data-id=\"15b3d4e3\" data-element_type=\"widget\" data-e-type=\"widget\" data-widget_type=\"text-editor.default\">\n\t\t\t\t<div class=\"elementor-widget-container\">\n\t\t\t\t\t\t\t\t\t<p>E-mail: active@in-winterberg.de<br \/>Telefoon kantoor: +49 2981 820012<br \/>Mobiel: +49 160 6732779<\/p>\t\t\t\t\t\t\t\t<\/div>\n\t\t\t\t<\/div>\n\t\t\t\t<div class=\"elementor-element elementor-element-35303b10 elementor-invisible elementor-widget elementor-widget-heading\" data-id=\"35303b10\" data-element_type=\"widget\" data-e-type=\"widget\" data-settings=\"{&quot;_animation&quot;:&quot;fadeIn&quot;}\" data-widget_type=\"heading.default\">\n\t\t\t\t<div class=\"elementor-widget-container\">\n\t\t\t\t\t<h3 class=\"elementor-heading-title elementor-size-medium\">Allgemeines<\/h3>\t\t\t\t<\/div>\n\t\t\t\t<\/div>\n\t\t\t\t<div class=\"elementor-element elementor-element-3baf0816 elementor-widget elementor-widget-text-editor\" data-id=\"3baf0816\" data-element_type=\"widget\" data-e-type=\"widget\" data-widget_type=\"text-editor.default\">\n\t\t\t\t<div class=\"elementor-widget-container\">\n\t\t\t\t\t\t\t\t\t<p><span style=\"color: #ffffff;\"><a style=\"color: #ffffff;\" href=\"https:\/\/active-in-winterberg.de\/job\/\">Jobs<\/a><\/span><br \/><span style=\"font-size: 14px; color: var( --e-global-color-98c3f60 );\"><span style=\"color: #ffffff;\"><a style=\"color: #ffffff;\" href=\"https:\/\/active-in-winterberg.de\/datenschutzerklaerung\/\">Datenschutz<\/a><\/span><br \/><\/span><span style=\"color: #ffffff;\"><a style=\"color: #ffffff;\" href=\"https:\/\/active-in-winterberg.de\/impressum\/\"><span style=\"font-size: 14px;\">Impressum<\/span><\/a><\/span><br \/><span style=\"color: #ffffff;\"><a style=\"color: #ffffff;\" href=\"https:\/\/active-in-winterberg.de\/datenschutz\/\">AGB<\/a><\/span><\/p>\t\t\t\t\t\t\t\t<\/div>\n\t\t\t\t<\/div>\n\t\t\t\t\t<\/div>\n\t\t<\/div>\n\t\t\t\t\t<\/div>\n\t\t<\/section>\n\t\t\t\t<\/div>\n\t\t","protected":false},"excerpt":{"rendered":"<p>Active in Winterberg Teampower Teampower Erlebt mit uns einen ganzen Tag mit spannenden Aufgaben aus dem Bereich Vertrauen, Verantwortung, Kooperation und Kommunikation. Unsere komplexen Probleml\u00f6seaufgaben sind so gestaltet, dass sie nur gel\u00f6st werden k\u00f6nnen, wenn die ganze Gruppe zusammen arbeitet.Gemeinsam m\u00fcssen verschiedene Aufgaben bew\u00e4ltigt und die richtigen Strategien f\u00fcr die L\u00f6sung der Aufgaben gew\u00e4hlt werden.\u00a0 [&hellip;]<\/p>\n","protected":false},"author":1,"featured_media":0,"parent":0,"menu_order":0,"comment_status":"closed","ping_status":"closed","template":"","meta":{"ocean_post_layout":"full-screen","ocean_both_sidebars_style":"","ocean_both_sidebars_content_width":0,"ocean_both_sidebars_sidebars_width":0,"ocean_sidebar":"0","ocean_second_sidebar":"0","ocean_disable_margins":"enable","ocean_add_body_class":"","ocean_shortcode_before_top_bar":"","ocean_shortcode_after_top_bar":"","ocean_shortcode_before_header":"","ocean_shortcode_after_header":"","ocean_has_shortcode":"","ocean_shortcode_after_title":"","ocean_shortcode_before_footer_widgets":"","ocean_shortcode_after_footer_widgets":"","ocean_shortcode_before_footer_bottom":"","ocean_shortcode_after_footer_bottom":"","ocean_display_top_bar":"off","ocean_display_header":"default","ocean_header_style":"","ocean_center_header_left_menu":"0","ocean_custom_header_template":"0","ocean_custom_logo":0,"ocean_custom_retina_logo":0,"ocean_custom_logo_max_width":0,"ocean_custom_logo_tablet_max_width":0,"ocean_custom_logo_mobile_max_width":0,"ocean_custom_logo_max_height":0,"ocean_custom_logo_tablet_max_height":0,"ocean_custom_logo_mobile_max_height":0,"ocean_header_custom_menu":"0","ocean_menu_typo_font_family":"0","ocean_menu_typo_font_subset":"","ocean_menu_typo_font_size":0,"ocean_menu_typo_font_size_tablet":0,"ocean_menu_typo_font_size_mobile":0,"ocean_menu_typo_font_size_unit":"px","ocean_menu_typo_font_weight":"","ocean_menu_typo_font_weight_tablet":"","ocean_menu_typo_font_weight_mobile":"","ocean_menu_typo_transform":"","ocean_menu_typo_transform_tablet":"","ocean_menu_typo_transform_mobile":"","ocean_menu_typo_line_height":0,"ocean_menu_typo_line_height_tablet":0,"ocean_menu_typo_line_height_mobile":0,"ocean_menu_typo_line_height_unit":"","ocean_menu_typo_spacing":0,"ocean_menu_typo_spacing_tablet":0,"ocean_menu_typo_spacing_mobile":0,"ocean_menu_typo_spacing_unit":"","ocean_menu_link_color":"","ocean_menu_link_color_hover":"","ocean_menu_link_color_active":"","ocean_menu_link_background":"","ocean_menu_link_hover_background":"","ocean_menu_link_active_background":"","ocean_menu_social_links_bg":"","ocean_menu_social_hover_links_bg":"","ocean_menu_social_links_color":"","ocean_menu_social_hover_links_color":"","ocean_disable_title":"on","ocean_disable_heading":"default","ocean_post_title":"","ocean_post_subheading":"","ocean_post_title_style":"","ocean_post_title_background_color":"","ocean_post_title_background":0,"ocean_post_title_bg_image_position":"","ocean_post_title_bg_image_attachment":"","ocean_post_title_bg_image_repeat":"","ocean_post_title_bg_image_size":"","ocean_post_title_height":0,"ocean_post_title_bg_overlay":0.5,"ocean_post_title_bg_overlay_color":"","ocean_disable_breadcrumbs":"default","ocean_breadcrumbs_color":"","ocean_breadcrumbs_separator_color":"","ocean_breadcrumbs_links_color":"","ocean_breadcrumbs_links_hover_color":"","ocean_display_footer_widgets":"off","ocean_display_footer_bottom":"off","ocean_custom_footer_template":"0","footnotes":""},"class_list":["post-3973","page","type-page","status-publish","hentry","entry"],"_links":{"self":[{"href":"https:\/\/active-in-winterberg.de\/nl\/wp-json\/wp\/v2\/pages\/3973","targetHints":{"allow":["GET"]}}],"collection":[{"href":"https:\/\/active-in-winterberg.de\/nl\/wp-json\/wp\/v2\/pages"}],"about":[{"href":"https:\/\/active-in-winterberg.de\/nl\/wp-json\/wp\/v2\/types\/page"}],"author":[{"embeddable":true,"href":"https:\/\/active-in-winterberg.de\/nl\/wp-json\/wp\/v2\/users\/1"}],"replies":[{"embeddable":true,"href":"https:\/\/active-in-winterberg.de\/nl\/wp-json\/wp\/v2\/comments?post=3973"}],"version-history":[{"count":37,"href":"https:\/\/active-in-winterberg.de\/nl\/wp-json\/wp\/v2\/pages\/3973\/revisions"}],"predecessor-version":[{"id":6515,"href":"https:\/\/active-in-winterberg.de\/nl\/wp-json\/wp\/v2\/pages\/3973\/revisions\/6515"}],"wp:attachment":[{"href":"https:\/\/active-in-winterberg.de\/nl\/wp-json\/wp\/v2\/media?parent=3973"}],"curies":[{"name":"wp","href":"https:\/\/api.w.org\/{rel}","templated":true}]}}