{"id":3587,"date":"2023-08-06T11:36:26","date_gmt":"2023-08-06T11:36:26","guid":{"rendered":"https:\/\/active-in-winterberg.de\/?page_id=3587"},"modified":"2023-08-06T11:58:04","modified_gmt":"2023-08-06T11:58:04","slug":"impressum","status":"publish","type":"page","link":"https:\/\/active-in-winterberg.de\/nl\/impressum\/","title":{"rendered":"Impressum"},"content":{"rendered":"\t\t<div data-elementor-type=\"wp-page\" data-elementor-id=\"3587\" class=\"elementor elementor-3587\">\n\t\t\t\t<div class=\"elementor-element elementor-element-3b2a401 e-flex e-con-boxed e-con e-parent\" data-id=\"3b2a401\" data-element_type=\"container\" data-e-type=\"container\" data-settings=\"{&quot;background_background&quot;:&quot;classic&quot;}\">\n\t\t\t\t\t<div class=\"e-con-inner\">\n\t\t\t\t<div class=\"elementor-element elementor-element-44efb537 elementor-widget elementor-widget-heading\" data-id=\"44efb537\" data-element_type=\"widget\" data-e-type=\"widget\" data-widget_type=\"heading.default\">\n\t\t\t\t<div class=\"elementor-widget-container\">\n\t\t\t\t\t<h2 class=\"elementor-heading-title elementor-size-default\">Active in Winterberg\n<\/h2>\t\t\t\t<\/div>\n\t\t\t\t<\/div>\n\t\t\t\t<div class=\"elementor-element elementor-element-51b5e8c6 elementor-tablet-align-left elementor-align-right elementor-mobile-align-center elementor-widget elementor-widget-button\" data-id=\"51b5e8c6\" data-element_type=\"widget\" data-e-type=\"widget\" data-widget_type=\"button.default\">\n\t\t\t\t<div class=\"elementor-widget-container\">\n\t\t\t\t\t\t\t\t\t<div class=\"elementor-button-wrapper\">\n\t\t\t\t\t<a class=\"elementor-button elementor-button-link elementor-size-md\" href=\"https:\/\/active-in-winterberg.de\/anfrage-formular\">\n\t\t\t\t\t\t<span class=\"elementor-button-content-wrapper\">\n\t\t\t\t\t\t\t\t\t<span class=\"elementor-button-text\">Anfrage stellen<\/span>\n\t\t\t\t\t<\/span>\n\t\t\t\t\t<\/a>\n\t\t\t\t<\/div>\n\t\t\t\t\t\t\t\t<\/div>\n\t\t\t\t<\/div>\n\t\t\t\t\t<\/div>\n\t\t\t\t<\/div>\n\t\t<div class=\"elementor-element elementor-element-94d8812 e-flex e-con-boxed e-con e-parent\" data-id=\"94d8812\" data-element_type=\"container\" data-e-type=\"container\">\n\t\t\t\t\t<div class=\"e-con-inner\">\n\t\t\t\t<div class=\"elementor-element elementor-element-8ccf60c elementor-widget elementor-widget-text-editor\" data-id=\"8ccf60c\" data-element_type=\"widget\" data-e-type=\"widget\" data-widget_type=\"text-editor.default\">\n\t\t\t\t<div class=\"elementor-widget-container\">\n\t\t\t\t\t\t\t\t\t<p class=\"MsoNormal\"><b><span style=\"font-size:9.0pt;mso-bidi-font-size:8.0pt;line-height:115%\">Impressum<o:p><\/o:p><\/span><\/b><\/p><p class=\"MsoNormal\"><b><span style=\"font-size:9.0pt;mso-bidi-font-size:8.0pt;line-height:115%\">Angaben gem.\n\u00a7 5 TMG<o:p><\/o:p><\/span><\/b><\/p><p class=\"MsoNormal\"><span style=\"font-size:8.0pt;line-height:115%\">Eug\u00e8ne Bolder<br>\nBergstrasse 35<br>\n59955 Winterberg<br>\nE-Mail: active[at]in-winterberg.de<br>\nTelefon: 02981820012<br>\n(Ersetzen Sie bitte [at] durch das @- Zeichen und kopieren dann die Adresse in\nIhr Mailprogramm. Um die Flut von Spammails einzud\u00e4mmen, ist diese Ma\u00dfnahme\nleider erforderlich)<br>\n<!--[if !supportLineBreakNewLine]--><br>\n<!--[endif]--><o:p><\/o:p><\/span><\/p><p class=\"MsoNormal\"><span style=\"font-size:8.0pt;line-height:115%\">Inhaltlich\nVerantwortlicher gem\u00e4\u00df \u00a75 und \u00a76 TMG:&nbsp;<o:p><\/o:p><\/span><\/p><p class=\"MsoNormal\"><span style=\"font-size:8.0pt;line-height:115%\">E.Bolder\n(Anschrift wie oben)<o:p><\/o:p><\/span><\/p><p class=\"MsoNormal\"><span style=\"font-size:8.0pt;line-height:115%\">Urheberrecht,\nVerlinkungen und Copyright:<o:p><\/o:p><\/span><\/p><p class=\"MsoNormal\"><span style=\"font-size:8.0pt;line-height:115%\">Rechtshinweise:\nAlle Angaben auf unseren Internet-Seiten wurden sorgf\u00e4ltig gepr\u00fcft. Wir\n\u00fcbernehmen jedoch keinerlei Gew\u00e4hr f\u00fcr die Aktualit\u00e4t, Korrektheit,\nVollst\u00e4ndigkeit oder Qualit\u00e4t der bereitgestellten Informationen.\nHaftungsanspr\u00fcche gegen den Autor, welche sich auf Sch\u00e4den materieller oder\nideeller Art beziehen, die durch die Nutzung oder Nichtnutzung der dargebotenen\nInformationen bzw. durch die Nutzung fehlerhafter und unvollst\u00e4ndiger\nInformationen verursacht wurden, sind grunds\u00e4tzlich ausgeschlossen, sofern\nseitens des Autors kein nachweislich vors\u00e4tzliches oder grob fahrl\u00e4ssiges\nVerschulden vorliegt. Alle Angebote sind freibleibend und unverbindlich. Der\nAutor beh\u00e4lt es sich ausdr\u00fccklich vor, Teile der Seiten oder das gesamte\nAngebot ohne gesonderte Ank\u00fcndigung zu ver\u00e4ndern, zu erg\u00e4nzen, zu l\u00f6schen oder\ndie Ver\u00f6ffentlichung zeitweise oder endg\u00fcltig einzustellen. Au\u00dferdem \u00fcbernehmen\nwir keine Haftung f\u00fcr jegliche Art von Sch\u00e4den, die sich aus dem Gebrauch der\nhier ver\u00f6ffentlichten Informationen ergeben k\u00f6nnten. Hyperlinks Diese\nInternet-Seiten enthalten auch Informationen von Dritten und weisen auf andere\nInternet-Seiten hin. F\u00fcr alle Inhalte und Aussagen auf verlinkte\nInternet-Seiten ist ausschlie\u00dflich der Betreiber der jeweiligen Website\nverantwortlich. F\u00fcr die Informationen von Dritten \u00fcbernehmen wir daher keine\nHaftung. Bei direkten oder indirekten Verweisen auf fremde Webseiten\n(&#8220;Hyperlinks&#8221;), die au\u00dferhalb des Verantwortungsbereiches des Autors\nliegen, w\u00fcrde eine Haftungsverpflichtung ausschlie\u00dflich in dem Fall in Kraft\ntreten, in dem der Autor von den Inhalten Kenntnis hat und es ihm technisch\nm\u00f6glich und zumutbar w\u00e4re, die Nutzung im Falle rechtswidriger Inhalte zu\nverhindern. Der Autor erkl\u00e4rt hiermit ausdr\u00fccklich, dass zum Zeitpunkt der\nLinksetzung keine illegalen Inhalte auf den zu verlinkenden Seiten erkennbar\nwaren. Auf die aktuelle und zuk\u00fcnftige Gestaltung, die Inhalte oder die\nUrheberschaft der gelinkten\/verkn\u00fcpften Seiten hat der Autor keinerlei\nEinfluss. Deshalb distanziert er sich hiermit ausdr\u00fccklich von allen Inhalten\naller gelinkten \/verkn\u00fcpften Seiten, die nach der Linksetzung ver\u00e4ndert wurden.\nDiese Feststellung gilt f\u00fcr alle innerhalb des eigenen Internetangebotes\ngesetzten Links und Verweise sowie f\u00fcr Fremdeintr\u00e4ge in vom Autor\neingerichteten G\u00e4steb\u00fcchern, Diskussionsforen und Mailinglisten. F\u00fcr illegale,\nfehlerhafte oder unvollst\u00e4ndige Inhalte und insbesondere f\u00fcr Sch\u00e4den, die aus\nder Nutzung oder Nichtnutzung solcherart dargebotener Informationen entstehen,\nhaftet allein der Anbieter der Seite, auf welche verwiesen wurde, nicht\nderjenige, der \u00fcber Links auf die jeweilige Ver\u00f6ffentlichung lediglich\nverweist.<o:p><\/o:p><\/span><\/p><p class=\"MsoNormal\"><span style=\"font-size:8.0pt;line-height:115%\">Urheberrecht\nund Rechtsschutz: Der gesamte Inhalt der Internet-Seite unterliegt dem Schutz\ndes Urheberrechts, dem gewerblichen Rechtsschutz und anderen Gesetzen zum\nSchutz des geistigen Eigentums. Ihre Weitergabe, Ver\u00e4nderung, gewerbliche\nNutzung oder Verwendung auf anderen Websites ist untersagt. Der Autor ist\nbestrebt, in allen Publikationen die Urheberrechte der verwendeten Grafiken,\nTondokumente, Videosequenzen und Texte zu beachten, von ihm selbst erstellte\nGrafiken, Tondokumente, Videosequenzen und Texte zu nutzen oder auf lizenzfreie\nGrafiken, Tondokumente, Videosequenzen und Texte zur\u00fcckzugreifen. Alle\ninnerhalb des Internetangebotes genannten und ggf. durch Dritte gesch\u00fctzten\nMarken- und Warenzeichen unterliegen uneingeschr\u00e4nkt den Bestimmungen des jeweils\ng\u00fcltigen Kennzeichenrechts und den Besitzrechten der jeweiligen eingetragenen\nEigent\u00fcmer. Allein aufgrund der blo\u00dfen Nennung ist nicht der Schluss zu ziehen,\ndass Markenzeichen nicht durch Rechte Dritter gesch\u00fctzt sind! Das Copyright f\u00fcr\nver\u00f6ffentlichte, vom Autor selbst erstellte Objekte bleibt allein beim Autor\nder Seiten. Eine Vervielf\u00e4ltigung oder Verwendung solcher Grafiken,\nTondokumente, Videosequenzen und Texte in anderen elektronischen oder\ngedruckten Publikationen ist ohne ausdr\u00fcckliche Zustimmung des Autors nicht\ngestattet.<o:p><\/o:p><\/span><\/p><p class=\"MsoNormal\"><span style=\"font-size:8.0pt;line-height:115%\">Datenschutzhinweis:\nEs gelten die Datenschutzvorschriften der Bundesrepublik Deutschland. Sofern\ninnerhalb des Internetangebotes die M\u00f6glichkeit zur Eingabe pers\u00f6nlicher oder\ngesch\u00e4ftlicher Daten (Emailadressen, Namen, Anschriften) besteht, so erfolgt\ndie Preisgabe dieser Daten seitens des Nutzers auf ausdr\u00fccklich freiwilliger\nBasis. Die Inanspruchnahme und Bezahlung aller angebotenen Dienste ist &#8211; soweit\ntechnisch m\u00f6glich und zumutbar &#8211; auch ohne Angabe solcher Daten bzw. unter\nAngabe anonymisierter Daten oder eines Pseudonyms gestattet. Die Nutzung der im\nRahmen des Impressums oder vergleichbarer Angaben ver\u00f6ffentlichten Kontaktdaten\nwie Postanschriften, Telefon- und Faxnummern sowie Emailadressen durch Dritte\nzur \u00dcbersendung von nicht ausdr\u00fccklich angeforderten Informationen ist nicht\ngestattet. Rechtliche Schritte gegen die Versender von so genannten Spam-Mails\nbei Verst\u00f6\u00dfen gegen dieses Verbot sind ausdr\u00fccklich vorbehalten.<o:p><\/o:p><\/span><\/p><p class=\"MsoNormal\"><span style=\"font-size:8.0pt;line-height:115%\">\u00c4nderungsvorbehalt:\nWir behalten uns das Recht vor, den Inhalt dieser Internet-Seiten ohne\nvorherige Ank\u00fcndigungen zu \u00e4ndern. Eine Haftung ergibt sich daraus nicht.\nGeltung deutschen Rechts Internet Disclaimer und Erkl\u00e4rung unterliegen\nausschlie\u00dflich dem deutschen Recht. Dieser Haftungsausschluss ist als Teil des\nInternetangebotes zu betrachten, von dem aus auf diese Seite verwiesen wurde.\nSofern Teile oder einzelne Formulierungen dieses Textes der geltenden\nRechtslage nicht, nicht mehr oder nicht vollst\u00e4ndig entsprechen sollten,\nbleiben die \u00fcbrigen Teile des Dokumentes in ihrem Inhalt und ihrer G\u00fcltigkeit\ndavon unber\u00fchrt.<o:p><\/o:p><\/span><\/p><p class=\"MsoNormal\"><span style=\"font-size:8.0pt;line-height:115%\">Google\nAnalytics: Um das Angebot von&nbsp;<a href=\"http:\/\/www.naturfitness.de\/\" target=\"_blank\">www.active-in-winterberg.de<\/a>&nbsp;weiter zu verbessern,\nerheben wir statistische Daten \u00fcber dessen Nutzung. Dazu verwenden wir den\nDienst Google Analytics. Es ist somit sichergestellt, dass keine Verkn\u00fcpfung zu\nProtokoll- oder Benutzerprofil -Daten erfolgt. Google verpflichtet uns zur\nWiedergabe der folgenden<o:p><\/o:p><\/span><\/p><p class=\"MsoNormal\"><span style=\"font-size:8.0pt;line-height:115%\">Erkl\u00e4rung:\nDiese Website benutzt Google Analytics, einen Webanalysedienst der Google Inc.\n( Google ). Google Analytics verwendet sog. Cookies, Textdateien, die auf Ihrem\nComputer gespeichert werden und die eine Analyse der Benutzung der Website\ndurch Sie erm\u00f6glichen. Die durch den Cookie erzeugten Informationen \u00fcber Ihre\nBenutzung dieser Website (einschlie\u00dflich Ihrer IP-Adresse) wird an einen Server\nvon Google in den USA \u00fcbertragen und dort gespeichert. Google wird diese\nInformationen benutzen, um Ihre Nutzung der Website auszuwerten, um Reports \u00fcber\ndie Websiteaktivit\u00e4ten f\u00fcr die Websitebetreiber zusammenzustellen und um\nweitere mit der Websitenutzung und der Internetnutzung verbundene\nDienstleistungen zu erbringen. Auch wird Google diese Informationen\ngegebenenfalls an Dritte \u00fcbertragen, sofern dies gesetzlich vorgeschrieben oder\nsoweit Dritte diese Daten im Auftrag von Google verarbeiten. Google wird in\nkeinem Fall Ihre IP-Adresse mit anderen Daten von Google in Verbindung bringen.\nSie k\u00f6nnen die Installation der Cookies durch eine entsprechende Einstellung\nIhrer Browser Software verhindern; wir weisen Sie jedoch darauf hin, dass Sie\nin diesem Fall gegebenenfalls nicht s\u00e4mtliche Funktionen dieser Website\nvollumf\u00e4nglich nutzen k\u00f6nnen. Durch die Nutzung dieser Website erkl\u00e4ren Sie\nsich mit der Bearbeitung der \u00fcber Sie erhobenen Daten durch Google in der zuvor\nbeschriebenen Art und Weise und zu dem zuvor benannten Zweck einverstanden.\nWenn Sie ausschlie\u00dfen wollen, dass Ihre Zugriffe auf&nbsp;<a href=\"http:\/\/www.naturfitness.de\/\" target=\"_blank\">www.<\/a>active-in-winterg.de&nbsp;durch\nGoogle Analytics ausgewertet werden k\u00f6nnten, so steht Ihnen frei, durch\nEinstellungen in Ihrem Browser das Setzen des Cookies und\/oder das Ausf\u00fchren\nvon JavaScript unterbinden.<o:p><\/o:p><\/span><\/p><p class=\"MsoNormal\"><span style=\"font-size:8.0pt;line-height:115%\">Bildrechte:&nbsp;Schutterstock<o:p><\/o:p><\/span><\/p><p class=\"MsoNormal\"><span style=\"font-size:8.0pt;line-height:115%\">&nbsp;<o:p><\/o:p><\/span><\/p><p class=\"MsoNormal\"><span style=\"font-size:8.0pt;line-height:115%\">Online-Streitbeilegung<o:p><\/o:p><\/span><\/p><p class=\"MsoNormal\"><span style=\"font-size:8.0pt;line-height:115%\">Im Streitfall\nk\u00f6nnen Verbraucher die Online-Streitbeilegungsplattform der EU-Kommission\nunter&nbsp;<a href=\"http:\/\/ec.europa.eu\/consumers\/odr\/\">http:\/\/ec.europa.eu\/consumers\/odr\/<\/a>&nbsp;zur\nL\u00f6sung von Konflikten verwenden.<o:p><\/o:p><\/span><\/p><p>\n\n\n\n\n\n\n\n\n\n\n\n\n\n\n\n\n\n\n\n\n\n\n\n\n\n\n\n\n\n\n\n<\/p><p class=\"MsoNormal\"><span style=\"font-size:8.0pt;line-height:115%\">&nbsp;<\/span><\/p>\t\t\t\t\t\t\t\t<\/div>\n\t\t\t\t<\/div>\n\t\t\t\t\t<\/div>\n\t\t\t\t<\/div>\n\t\t\t\t<\/div>\n\t\t","protected":false},"excerpt":{"rendered":"<p>Active in Winterberg Anfrage stellen Impressum Angaben gem. \u00a7 5 TMG Eug\u00e8ne Bolder Bergstrasse 35 59955 Winterberg E-Mail: active[at]in-winterberg.de Telefon: 02981820012 (Ersetzen Sie bitte [at] durch das @- Zeichen und kopieren dann die Adresse in Ihr Mailprogramm. Um die Flut von Spammails einzud\u00e4mmen, ist diese Ma\u00dfnahme leider erforderlich) Inhaltlich Verantwortlicher gem\u00e4\u00df \u00a75 und \u00a76 TMG:&nbsp; [&hellip;]<\/p>\n","protected":false},"author":1,"featured_media":0,"parent":0,"menu_order":0,"comment_status":"closed","ping_status":"closed","template":"","meta":{"ocean_post_layout":"full-screen","ocean_both_sidebars_style":"","ocean_both_sidebars_content_width":0,"ocean_both_sidebars_sidebars_width":0,"ocean_sidebar":"0","ocean_second_sidebar":"0","ocean_disable_margins":"enable","ocean_add_body_class":"","ocean_shortcode_before_top_bar":"","ocean_shortcode_after_top_bar":"","ocean_shortcode_before_header":"","ocean_shortcode_after_header":"","ocean_has_shortcode":"","ocean_shortcode_after_title":"","ocean_shortcode_before_footer_widgets":"","ocean_shortcode_after_footer_widgets":"","ocean_shortcode_before_footer_bottom":"","ocean_shortcode_after_footer_bottom":"","ocean_display_top_bar":"off","ocean_display_header":"default","ocean_header_style":"","ocean_center_header_left_menu":"0","ocean_custom_header_template":"0","ocean_custom_logo":0,"ocean_custom_retina_logo":0,"ocean_custom_logo_max_width":0,"ocean_custom_logo_tablet_max_width":0,"ocean_custom_logo_mobile_max_width":0,"ocean_custom_logo_max_height":0,"ocean_custom_logo_tablet_max_height":0,"ocean_custom_logo_mobile_max_height":0,"ocean_header_custom_menu":"0","ocean_menu_typo_font_family":"0","ocean_menu_typo_font_subset":"","ocean_menu_typo_font_size":0,"ocean_menu_typo_font_size_tablet":0,"ocean_menu_typo_font_size_mobile":0,"ocean_menu_typo_font_size_unit":"px","ocean_menu_typo_font_weight":"","ocean_menu_typo_font_weight_tablet":"","ocean_menu_typo_font_weight_mobile":"","ocean_menu_typo_transform":"","ocean_menu_typo_transform_tablet":"","ocean_menu_typo_transform_mobile":"","ocean_menu_typo_line_height":0,"ocean_menu_typo_line_height_tablet":0,"ocean_menu_typo_line_height_mobile":0,"ocean_menu_typo_line_height_unit":"","ocean_menu_typo_spacing":0,"ocean_menu_typo_spacing_tablet":0,"ocean_menu_typo_spacing_mobile":0,"ocean_menu_typo_spacing_unit":"","ocean_menu_link_color":"","ocean_menu_link_color_hover":"","ocean_menu_link_color_active":"","ocean_menu_link_background":"","ocean_menu_link_hover_background":"","ocean_menu_link_active_background":"","ocean_menu_social_links_bg":"","ocean_menu_social_hover_links_bg":"","ocean_menu_social_links_color":"","ocean_menu_social_hover_links_color":"","ocean_disable_title":"on","ocean_disable_heading":"default","ocean_post_title":"","ocean_post_subheading":"","ocean_post_title_style":"","ocean_post_title_background_color":"","ocean_post_title_background":0,"ocean_post_title_bg_image_position":"","ocean_post_title_bg_image_attachment":"","ocean_post_title_bg_image_repeat":"","ocean_post_title_bg_image_size":"","ocean_post_title_height":0,"ocean_post_title_bg_overlay":0.5,"ocean_post_title_bg_overlay_color":"","ocean_disable_breadcrumbs":"default","ocean_breadcrumbs_color":"","ocean_breadcrumbs_separator_color":"","ocean_breadcrumbs_links_color":"","ocean_breadcrumbs_links_hover_color":"","ocean_display_footer_widgets":"off","ocean_display_footer_bottom":"off","ocean_custom_footer_template":"0","footnotes":""},"class_list":["post-3587","page","type-page","status-publish","hentry","entry"],"_links":{"self":[{"href":"https:\/\/active-in-winterberg.de\/nl\/wp-json\/wp\/v2\/pages\/3587","targetHints":{"allow":["GET"]}}],"collection":[{"href":"https:\/\/active-in-winterberg.de\/nl\/wp-json\/wp\/v2\/pages"}],"about":[{"href":"https:\/\/active-in-winterberg.de\/nl\/wp-json\/wp\/v2\/types\/page"}],"author":[{"embeddable":true,"href":"https:\/\/active-in-winterberg.de\/nl\/wp-json\/wp\/v2\/users\/1"}],"replies":[{"embeddable":true,"href":"https:\/\/active-in-winterberg.de\/nl\/wp-json\/wp\/v2\/comments?post=3587"}],"version-history":[{"count":4,"href":"https:\/\/active-in-winterberg.de\/nl\/wp-json\/wp\/v2\/pages\/3587\/revisions"}],"predecessor-version":[{"id":3592,"href":"https:\/\/active-in-winterberg.de\/nl\/wp-json\/wp\/v2\/pages\/3587\/revisions\/3592"}],"wp:attachment":[{"href":"https:\/\/active-in-winterberg.de\/nl\/wp-json\/wp\/v2\/media?parent=3587"}],"curies":[{"name":"wp","href":"https:\/\/api.w.org\/{rel}","templated":true}]}}