{"id":3574,"date":"2023-08-06T10:12:26","date_gmt":"2023-08-06T10:12:26","guid":{"rendered":"https:\/\/active-in-winterberg.de\/?page_id=3574"},"modified":"2023-08-06T11:19:03","modified_gmt":"2023-08-06T11:19:03","slug":"datenschutz","status":"publish","type":"page","link":"https:\/\/active-in-winterberg.de\/nl\/datenschutz\/","title":{"rendered":"Datenschutz"},"content":{"rendered":"\t\t<div data-elementor-type=\"wp-page\" data-elementor-id=\"3574\" class=\"elementor elementor-3574\">\n\t\t\t\t<div class=\"elementor-element elementor-element-2e0d0359 e-flex e-con-boxed e-con e-parent\" data-id=\"2e0d0359\" data-element_type=\"container\" data-e-type=\"container\" data-settings=\"{&quot;background_background&quot;:&quot;classic&quot;}\">\n\t\t\t\t\t<div class=\"e-con-inner\">\n\t\t\t\t<div class=\"elementor-element elementor-element-6c19c4f3 elementor-widget elementor-widget-heading\" data-id=\"6c19c4f3\" data-element_type=\"widget\" data-e-type=\"widget\" data-widget_type=\"heading.default\">\n\t\t\t\t<div class=\"elementor-widget-container\">\n\t\t\t\t\t<h2 class=\"elementor-heading-title elementor-size-default\">Active in Winterberg\n<\/h2>\t\t\t\t<\/div>\n\t\t\t\t<\/div>\n\t\t\t\t<div class=\"elementor-element elementor-element-1416b177 elementor-tablet-align-left elementor-align-right elementor-mobile-align-center elementor-widget elementor-widget-button\" data-id=\"1416b177\" data-element_type=\"widget\" data-e-type=\"widget\" data-widget_type=\"button.default\">\n\t\t\t\t<div class=\"elementor-widget-container\">\n\t\t\t\t\t\t\t\t\t<div class=\"elementor-button-wrapper\">\n\t\t\t\t\t<a class=\"elementor-button elementor-button-link elementor-size-md\" href=\"https:\/\/active-in-winterberg.de\/anfrage-formular\">\n\t\t\t\t\t\t<span class=\"elementor-button-content-wrapper\">\n\t\t\t\t\t\t\t\t\t<span class=\"elementor-button-text\">Anfrage stellen<\/span>\n\t\t\t\t\t<\/span>\n\t\t\t\t\t<\/a>\n\t\t\t\t<\/div>\n\t\t\t\t\t\t\t\t<\/div>\n\t\t\t\t<\/div>\n\t\t\t\t\t<\/div>\n\t\t\t\t<\/div>\n\t\t<div class=\"elementor-element elementor-element-d0da62a e-flex e-con-boxed e-con e-parent\" data-id=\"d0da62a\" data-element_type=\"container\" data-e-type=\"container\">\n\t\t\t\t\t<div class=\"e-con-inner\">\n\t\t\t\t<div class=\"elementor-element elementor-element-598783f elementor-widget elementor-widget-text-editor\" data-id=\"598783f\" data-element_type=\"widget\" data-e-type=\"widget\" data-widget_type=\"text-editor.default\">\n\t\t\t\t<div class=\"elementor-widget-container\">\n\t\t\t\t\t\t\t\t\t<p>AGB f\u00fcr Angebote von Active in Winterberg<\/p><p>\u00a0<\/p><p>1. Anwendungsbereich und Allgemeines<br \/>(1) Diese AGB\u00b4s gelten f\u00fcr s\u00e4mtliche Angebote von Active in Winterberg. Inhaberin: Eugene Bolder 59955 Winterberg in den angemieteten R\u00e4umen sowie an anderen Wirkungsst\u00e4tten. F\u00fcr alle gegenseitigen Anspr\u00fcche aus und im Zusammenhang mit einem Vertragsschluss zwischen dem Teilnehmer an einem Workshop oder einem anderen Angebot und Active in Winterberg gelten stets die allgemeinen \u00a0Gesch\u00e4ftsbedingungen in ihrer zum Zeitpunkt des jeweiligen Vertragsabschlusses geltenden Fassung.<br \/>(2) Das Angebot vom Active in Winterberg umfasst das Training im Intuitiven Bogenschie\u00dfen, Klettern und alle weiteren Angebote.<br \/><br \/>2. Teilnahmef\u00e4higkeit und Gesundheit<br \/>(1) Das Mindestalter f\u00fcr die Teilnahme an einem Workshop oder einem Seminar betr\u00e4gt 7 Jahre, es sei denn, das Angebot ist f\u00fcr Kinder unter 7 Jahren ausgeschrieben.<br \/>Bis zum 18. Lebensjahr ist eine Erlaubnis der Erziehungsberechtigten mit Unterschrift notwendig. (Hinweis auf\u00a0 Einverst\u00e4ndniserkl\u00e4rung f\u00fcr die Teilnahme Minderj\u00e4hriger)<br \/>(2) Mit der Anmeldung versichert der Teilnehmer, dass der Teilnahme an den Angeboten keinerlei k\u00f6rperliche Beeintr\u00e4chtigungen oder gesundheitliche Einschr\u00e4nkungen oder sonstige Bedenken entgegenstehen (Hinweis auf Gesundheitsabfrage). Er verpflichtet sich im Fall einer \u00c4nderung seines Gesundheitszustandes Active in Winterberg hier\u00fcber unverz\u00fcglich in Kenntnis zu setzen.<br \/><br \/>3. Aufsichtspflicht und minderj\u00e4hrige Teilnehmer<br \/>(1) Nimmt ein Betreuer einer Organisation an einer Veranstaltung teil, hat er bei Minderj\u00e4hrigen weiterhin die Aufsichts-pflicht gegen\u00fcber seiner Gruppe. Der Kunde versichert, dass bei Minderj\u00e4hrigen s\u00e4mtliche Einverst\u00e4ndniserkl\u00e4rungen der Personensorgeberechtigten vorliegen.<br \/>(2) Bei Minderj\u00e4hrigen ist die Anmeldung von den Erziehungsberechtigten zu unterschreiben. Die Erziehungs-berechtigten sind verpflichtet bei Anmeldung die durchf\u00fchrenden Trainer von gesundheitlichen Einschr\u00e4nkungen (Allergien, etc.) in Kenntnis zu setzen. Der Trainer ist von der notwendigen Einnahme von Medikamenten durch den Teilnehmer bzw. den Eltern schriftlich in Kenntnis zu setzen.<br \/>(3) Bei Begleitung der Kinder durch Erwachsene, ist der Trainer von der Aufsichtspflicht dieser Kinder entbunden. Damit obliegt den erwachsenen Begleitern die Aufsichtspflicht.<br \/>(4) Bei Kindern ohne Begleitung von Erwachsenen, wird die Aufsichtspflicht nur f\u00fcr die Dauer des Kurses \u00fcbernommen.<br \/><br \/>4. Trainingsinhalte und \u00c4nderungen des Angebots<br \/>(1) Alle Trainingsma\u00dfnahmen und Inhalte orientieren sich am gesunden Organismus. Die Trainingsma\u00dfnahmen und Inhalte sind als Angebot zu betrachten und nicht als dogmatische Lehrs\u00e4tze. Jeder ist aufgefordert im eigenen ermessen und forschen das jeweils Richtige f\u00fcr sich anzunehmen und durch \u00dcbung zu vertiefen. Der Trainer gibt dabei Hilfestellung.<br \/>(2) Die Veranstaltung findet ausschlie\u00dflich in den angegeben R\u00e4umen\/an angegebenen Orten und zu den in dem Vertrag vereinbarten Zeiten statt. Ein Wechsel der R\u00e4umlichkeiten innerhalb des Ortes\/Kreises, durch welchen eine nur unerheblich weitere Anfahrt f\u00fcr den Teilnehmer entsteht, berechtigt nicht zur K\u00fcndigung. Vers\u00e4umte Unterrichtsstunden, sowie Krankheit, Urlaub und oder sonstige Verhinderungsgr\u00fcnde des Teilnehmers gehen zu Lasten des Teilnehmers.<br \/>(3) \u00c4nderungen des Angebots werden \u00fcber die Internetseite\u00a0<a href=\"http:\/\/www.active-in-winterberg.de\" target=\"_blank\" rel=\"noopener\">www.active-in-winterberg.de<\/a>\u00a0bekannt gegeben und aktuell gehalten und k\u00f6nnen jederzeit hier\u00fcber erfragt werden.<br \/>(5) Active in Winterberg kann die Teilnehmerzahl von Veranstaltungen beschr\u00e4nken, wenn dies f\u00fcr den ordnungsgem\u00e4\u00dfen Ablauf erforderlich ist oder diese abzusagen, falls die Mindestteilnehmerzahl nicht erreicht wird. In diesem Fall werden bereits geleistete Beitr\u00e4ge vollumf\u00e4nglich zur\u00fcckerstattet.<br \/><br \/>5. Haftung und Haftungsbeschr\u00e4nkung<br \/>(1) Die Nutzung der R\u00e4umlichkeiten, Angebote und Ausr\u00fcstung von Active in Winterberg erfolgt f\u00fcr die Teilnehmer auf eigene Gefahr. Teilnehmer \u00a0sind verpflichtet den Sicherheitsanweisungen der Trainer Folge zu leisten. Bei Zuwiderhandlungen und Missachtung \u00fcbernimmt Active in Winterberg keine Haftung.<br \/>(2) Active in Winterberg \u00fcbernimmt ebenfalls keine Haftung im Falle eines Unfalls, es sei denn die Trainer haben grob fahrl\u00e4ssig oder mit Vorsatz gehandelt. Active in Winterberg haftet nur im Rahmen seiner Betriebshaftpflichtversicherung f\u00fcr Personen-, Sach- und Verm\u00f6genssch\u00e4den, die auf ein Verschulden der Trainer der von ihnen mit der Leitung einer Veranstaltung betrauten Personen zur\u00fcckzuf\u00fchren sind.<br \/>(3) Jeder Teilnehmer f\u00fchrt nur \u00dcbungen im Rahmen seiner k\u00f6rperlichen M\u00f6glichkeiten aus und achtet selbst\u00e4ndig auf seine Gesundheit.<br \/>(4) Jeder Teilnehmer zeigt Active in Winterberg k\u00f6rperliche Beschwerden sofort und ohne Z\u00f6gern unmittelbar nach dessen erstmaligem Auftreten an. Er verpflichtet sich, bei gesundheitlichen Problemen selbst\u00e4ndig einen Facharzt aufzusuchen.<br \/>(5) Jeder Teilnehmer verpflichtet sich vor jedem Trainingsbeginn eine \u00dcberpr\u00fcfung der eigenen, wie auch der durch Active in Winterberg gestellten und durch den Teilnehmer benutzten Trainingsmittel und -ger\u00e4te auf Sicherheit selbst\u00e4ndig durchzuf\u00fchren. M\u00e4ngel sind unverz\u00fcglich anzuzeigen und der jeweilige Ausr\u00fcstungsgegenstand keinesfalls zu benutzen.<br \/>(6) Die Teilnehmer stellen die Kursleitung von Schadensersatzanspr\u00fcchen anderer Teilnehmer oder Dritter f\u00fcr von Teilnehmern verursachte Sch\u00e4den frei.<\/p><p>(7) Der Teilnehmer ist \u00a0sich bewusst, dass Workshops trotz sicherer Bedingungen Gefahren mit sich bringen k\u00f6nnen und dass auf eigene Verantwortung an der Veranstaltung teilgenommen wird. Hierzu z\u00e4hlen auch Risiken wie Verletzung, Krankheit, Sch\u00e4den oder Verlust von Eigentum, die durch h\u00f6here Gewalt entstanden sind.<br \/>(8) F\u00fcr pers\u00f6nliches Eigentum (mitgebrachte Kleidung, Wertgegenst\u00e4nde, Geld, etc.) \u00fcbernimmt Active in Winterberg keinerlei Haftung. Sachbesch\u00e4digungen werden auf Kosten des Verursachers bzw. seines gesetzlichen Vertreters behoben und in Rechnung gestellt.<br \/>(9) Mit der Anmeldung erkennen Sie an, dass Sie f\u00fcr ihre eigenen Handlungen im Rahmen des Kurses und deren Folgen selbst verantwortlich sind. Der Teilnehmer haftet f\u00fcr die von ihm verursachten Sch\u00e4den.<br \/>(10) Dem Teilnehmer wird nahegelegt f\u00fcr einen ausreichenden Haftpflicht-, Unfall- und Krankenversicherungsschutz zu sorgen, welche Sch\u00e4den die er ohne fremdes Verschulden erleidet oder verursacht, abdeckt.<br \/><br \/>6. Anmeldung, Kursgeb\u00fchren und Zahlung<br \/>(1) Die Anmeldung zur Teilnahme gilt als verbindlich bei R\u00fccksendung des ausgef\u00fcllten Anmeldeformulars per Mail oder per Post und der Entrichtung der gesamten Kursgeb\u00fchr im Voraus, in Bar oder per \u00dcberweisung; sp\u00e4testens jedoch bei Beginn der Veranstaltung an Active in Winterberg. (Ausnahmen von dieser Regelung bed\u00fcrfen der vorherigen Absprache)<br \/>(2) Die Belegung der Workshops und Kurse erfolgt in der Reihenfolge der Zahlungseing\u00e4nge. \u00a0<br \/>(3) Die Anmeldung wird von uns best\u00e4tigt.<br \/>(4) Bei Nichterscheinen zum Kursbeginn wird die Kursgeb\u00fchr zu 100% in Rechnung gestellt.<br \/><br \/>7. R\u00fccktritt und K\u00fcndigung<br \/>(1) Der R\u00fccktritt \u00a0oder jede K\u00fcndigung muss schriftlich an Active in Winterberg, Berstrasse 35, 59955 Winterberg gerichtet werden. Bis eine Woche vor Kursbeginn werden 50% der Geb\u00fchr einbehalten, danach erfolgt keine R\u00fcckzahlung, wir akzeptieren jedoch eine Ersatzperson. Bitte bedenken Sie, dass Ihre Entscheidung Konsequenzen wie nachtr\u00e4gliche Unterschreitung der Mindestteilnehmerzahl und darauf folgende Kursabsage nach sich ziehen kann.<br \/>(2) Bei Abbruch eines Kurses erfolgt keine, auch keine teilweise Erstattung oder Gutschrift der Kursgeb\u00fchren. Wir behalten uns vor Workshops bei Unterschreitung der Mindestteilnehmerzahl rechtzeitig abzusagen. In diesem Fall wird die bereits bezahlte Teilnahmegeb\u00fchr zu 100% erstattet.<br \/>(3) Eine K\u00fcndigung drei Wochen vor Veranstaltungsbeginn wird mit einer Bearbeitungsgeb\u00fchr von 10% der vereinbarten Geb\u00fchr in Rechnung gestellt.<br \/>(4) Eine K\u00fcndigung nach Beginn ist nicht m\u00f6glich. Das Fernbleiben einer Veranstaltung stellt keine K\u00fcndigung dar. Die vereinbarte Geb\u00fchr wird deshalb zu 100% in Rechnung gestellt.<br \/>(5) Die gesetzlichen au\u00dferordentlichen K\u00fcndigungsrechte bleiben hiervon unber\u00fchrt.<br \/><br \/>8. Verhaltens- und R\u00fccksichtnahmegebot<br \/>(1) Alle Teilnehmer sind zur besonderen Sorgfalt und R\u00fccksichtnahme gegen\u00fcber den anderen Teilnehmern verpflichtet. Wegen der Verletzungsgefahr sollte Schmuck w\u00e4hrend des Trainings nicht getragen werden.<br \/>(2) Bei allen Veranstaltungen von Active in Winterberg herrscht absolutes Rauch-, Alkohol- und Drogenverbot. Bei Zuwiderhandlung erfolgt der Ausschluss vom Kurs ohne R\u00fcckerstattung der Geb\u00fchren.<br \/>(3) Wiederholtes St\u00f6ren des Trainings, ungeb\u00fchrliches Verhalten inner- und au\u00dferhalb der R\u00e4umlichkeiten, sowie missbr\u00e4uchliche Anwendung der erlernten Techniken und der Ausr\u00fcstung berechtigen Active in Winterberg den Teilnehmer von zuk\u00fcnftigen Veranstaltungen auszuschlie\u00dfen und dem Vertragsnehmer fristlos zu k\u00fcndigen. In diesem Falle ist die noch ausstehende Verg\u00fctung als Vertragsstrafe zu zahlen.<br \/>(4) Grobe Fahrl\u00e4ssigkeit eines teilnehmenden Kindes (Missachtung der Sicherheitsanweisungen, bewusste Schadenszuf\u00fcgung) hat die Konsequenz, sofort vom Kurs ausgeschlossen zu werden ohne R\u00fcckerstattung der Geb\u00fchren.<br \/><br \/>9. Schlussbestimmungen<br \/>(1) M\u00fcndliche Nebenabreden wurden nicht getroffen. \u00c4nderungen und Erg\u00e4nzungen dieser AGB bed\u00fcrfen der Schriftform. Gerichtsstand f\u00fcr s\u00e4mtliche Auseinandersetzungen ist\u00a0<span style=\"color: #4d5156; font-family: Roboto, 'helvetica neue', helvetica, arial, sans-serif; font-size: 14px; font-style: normal; font-variant-ligatures: normal; font-variant-caps: normal; font-weight: 400;\">Amtsgericht Medebach.<\/span><br \/>(2) Sollten Teile oder einzelne Formulierungen der Gesch\u00e4ftsbedingungen der geltenden Rechtslage nicht, nicht mehr oder nicht vollst\u00e4ndig entsprechen, bleiben die \u00fcbrigen Teile in ihrem Inhalt und ihrer G\u00fcltigkeit davon unber\u00fchrt.\u00a0<\/p><p>\u00a0<\/p><p>Stand: Januar 2021<\/p>\t\t\t\t\t\t\t\t<\/div>\n\t\t\t\t<\/div>\n\t\t\t\t\t<\/div>\n\t\t\t\t<\/div>\n\t\t\t\t<\/div>\n\t\t","protected":false},"excerpt":{"rendered":"<p>Active in Winterberg Anfrage stellen AGB f\u00fcr Angebote von Active in Winterberg \u00a0 1. Anwendungsbereich und Allgemeines(1) Diese AGB\u00b4s gelten f\u00fcr s\u00e4mtliche Angebote von Active in Winterberg. Inhaberin: Eugene Bolder 59955 Winterberg in den angemieteten R\u00e4umen sowie an anderen Wirkungsst\u00e4tten. F\u00fcr alle gegenseitigen Anspr\u00fcche aus und im Zusammenhang mit einem Vertragsschluss zwischen dem Teilnehmer an [&hellip;]<\/p>\n","protected":false},"author":1,"featured_media":0,"parent":0,"menu_order":0,"comment_status":"closed","ping_status":"closed","template":"","meta":{"ocean_post_layout":"full-screen","ocean_both_sidebars_style":"","ocean_both_sidebars_content_width":0,"ocean_both_sidebars_sidebars_width":0,"ocean_sidebar":"0","ocean_second_sidebar":"0","ocean_disable_margins":"enable","ocean_add_body_class":"","ocean_shortcode_before_top_bar":"","ocean_shortcode_after_top_bar":"","ocean_shortcode_before_header":"","ocean_shortcode_after_header":"","ocean_has_shortcode":"","ocean_shortcode_after_title":"","ocean_shortcode_before_footer_widgets":"","ocean_shortcode_after_footer_widgets":"","ocean_shortcode_before_footer_bottom":"","ocean_shortcode_after_footer_bottom":"","ocean_display_top_bar":"off","ocean_display_header":"default","ocean_header_style":"","ocean_center_header_left_menu":"0","ocean_custom_header_template":"0","ocean_custom_logo":0,"ocean_custom_retina_logo":0,"ocean_custom_logo_max_width":0,"ocean_custom_logo_tablet_max_width":0,"ocean_custom_logo_mobile_max_width":0,"ocean_custom_logo_max_height":0,"ocean_custom_logo_tablet_max_height":0,"ocean_custom_logo_mobile_max_height":0,"ocean_header_custom_menu":"0","ocean_menu_typo_font_family":"0","ocean_menu_typo_font_subset":"","ocean_menu_typo_font_size":0,"ocean_menu_typo_font_size_tablet":0,"ocean_menu_typo_font_size_mobile":0,"ocean_menu_typo_font_size_unit":"px","ocean_menu_typo_font_weight":"","ocean_menu_typo_font_weight_tablet":"","ocean_menu_typo_font_weight_mobile":"","ocean_menu_typo_transform":"","ocean_menu_typo_transform_tablet":"","ocean_menu_typo_transform_mobile":"","ocean_menu_typo_line_height":0,"ocean_menu_typo_line_height_tablet":0,"ocean_menu_typo_line_height_mobile":0,"ocean_menu_typo_line_height_unit":"","ocean_menu_typo_spacing":0,"ocean_menu_typo_spacing_tablet":0,"ocean_menu_typo_spacing_mobile":0,"ocean_menu_typo_spacing_unit":"","ocean_menu_link_color":"","ocean_menu_link_color_hover":"","ocean_menu_link_color_active":"","ocean_menu_link_background":"","ocean_menu_link_hover_background":"","ocean_menu_link_active_background":"","ocean_menu_social_links_bg":"","ocean_menu_social_hover_links_bg":"","ocean_menu_social_links_color":"","ocean_menu_social_hover_links_color":"","ocean_disable_title":"on","ocean_disable_heading":"default","ocean_post_title":"","ocean_post_subheading":"","ocean_post_title_style":"","ocean_post_title_background_color":"","ocean_post_title_background":0,"ocean_post_title_bg_image_position":"","ocean_post_title_bg_image_attachment":"","ocean_post_title_bg_image_repeat":"","ocean_post_title_bg_image_size":"","ocean_post_title_height":0,"ocean_post_title_bg_overlay":0.5,"ocean_post_title_bg_overlay_color":"","ocean_disable_breadcrumbs":"default","ocean_breadcrumbs_color":"","ocean_breadcrumbs_separator_color":"","ocean_breadcrumbs_links_color":"","ocean_breadcrumbs_links_hover_color":"","ocean_display_footer_widgets":"off","ocean_display_footer_bottom":"off","ocean_custom_footer_template":"0","footnotes":""},"class_list":["post-3574","page","type-page","status-publish","hentry","entry"],"_links":{"self":[{"href":"https:\/\/active-in-winterberg.de\/nl\/wp-json\/wp\/v2\/pages\/3574","targetHints":{"allow":["GET"]}}],"collection":[{"href":"https:\/\/active-in-winterberg.de\/nl\/wp-json\/wp\/v2\/pages"}],"about":[{"href":"https:\/\/active-in-winterberg.de\/nl\/wp-json\/wp\/v2\/types\/page"}],"author":[{"embeddable":true,"href":"https:\/\/active-in-winterberg.de\/nl\/wp-json\/wp\/v2\/users\/1"}],"replies":[{"embeddable":true,"href":"https:\/\/active-in-winterberg.de\/nl\/wp-json\/wp\/v2\/comments?post=3574"}],"version-history":[{"count":7,"href":"https:\/\/active-in-winterberg.de\/nl\/wp-json\/wp\/v2\/pages\/3574\/revisions"}],"predecessor-version":[{"id":3586,"href":"https:\/\/active-in-winterberg.de\/nl\/wp-json\/wp\/v2\/pages\/3574\/revisions\/3586"}],"wp:attachment":[{"href":"https:\/\/active-in-winterberg.de\/nl\/wp-json\/wp\/v2\/media?parent=3574"}],"curies":[{"name":"wp","href":"https:\/\/api.w.org\/{rel}","templated":true}]}}