{"id":2088,"date":"2023-05-20T09:07:57","date_gmt":"2023-05-20T09:07:57","guid":{"rendered":"https:\/\/active-in-winterberg.de\/?page_id=2088"},"modified":"2025-07-14T06:42:31","modified_gmt":"2025-07-14T06:42:31","slug":"events","status":"publish","type":"page","link":"https:\/\/active-in-winterberg.de\/nl\/events\/","title":{"rendered":"Events"},"content":{"rendered":"\t\t<div data-elementor-type=\"wp-page\" data-elementor-id=\"2088\" class=\"elementor elementor-2088\">\n\t\t\t\t<div class=\"elementor-element elementor-element-6080bad9 e-flex e-con-boxed e-con e-parent\" data-id=\"6080bad9\" data-element_type=\"container\" data-e-type=\"container\" data-settings=\"{&quot;background_background&quot;:&quot;classic&quot;}\">\n\t\t\t\t\t<div class=\"e-con-inner\">\n\t\t\t\t<div class=\"elementor-element elementor-element-75bb6509 elementor-widget elementor-widget-heading\" data-id=\"75bb6509\" data-element_type=\"widget\" data-e-type=\"widget\" data-widget_type=\"heading.default\">\n\t\t\t\t<div class=\"elementor-widget-container\">\n\t\t\t\t\t<h2 class=\"elementor-heading-title elementor-size-default\">Evenementen<\/h2>\t\t\t\t<\/div>\n\t\t\t\t<\/div>\n\t\t\t\t\t<\/div>\n\t\t\t\t<\/div>\n\t\t<div class=\"elementor-element elementor-element-19f0af0b e-flex e-con-boxed e-con e-parent\" data-id=\"19f0af0b\" data-element_type=\"container\" data-e-type=\"container\">\n\t\t\t\t\t<div class=\"e-con-inner\">\n\t\t<div class=\"elementor-element elementor-element-145e3c47 e-grid e-con-full e-con e-child\" data-id=\"145e3c47\" data-element_type=\"container\" data-e-type=\"container\">\n\t\t\t\t<div class=\"elementor-element elementor-element-333b8496 elementor-tablet-align-right elementor-align-justify elementor-mobile-align-center elementor-widget__width-inherit elementor-widget elementor-widget-button\" data-id=\"333b8496\" data-element_type=\"widget\" data-e-type=\"widget\" data-widget_type=\"button.default\">\n\t\t\t\t<div class=\"elementor-widget-container\">\n\t\t\t\t\t\t\t\t\t<div class=\"elementor-button-wrapper\">\n\t\t\t\t\t<a class=\"elementor-button elementor-button-link elementor-size-md\" href=\"https:\/\/active-in-winterberg.de\/teamtraining\/\">\n\t\t\t\t\t\t<span class=\"elementor-button-content-wrapper\">\n\t\t\t\t\t\t\t\t\t<span class=\"elementor-button-text\">Nachtwandeling<\/span>\n\t\t\t\t\t<\/span>\n\t\t\t\t\t<\/a>\n\t\t\t\t<\/div>\n\t\t\t\t\t\t\t\t<\/div>\n\t\t\t\t<\/div>\n\t\t\t\t<div class=\"elementor-element elementor-element-3a28e48d elementor-tablet-align-right elementor-align-justify elementor-mobile-align-center elementor-widget__width-inherit elementor-widget elementor-widget-button\" data-id=\"3a28e48d\" data-element_type=\"widget\" data-e-type=\"widget\" data-widget_type=\"button.default\">\n\t\t\t\t<div class=\"elementor-widget-container\">\n\t\t\t\t\t\t\t\t\t<div class=\"elementor-button-wrapper\">\n\t\t\t\t\t<a class=\"elementor-button elementor-button-link elementor-size-md\" href=\"https:\/\/active-in-winterberg.de\/anfrage-formular\/\">\n\t\t\t\t\t\t<span class=\"elementor-button-content-wrapper\">\n\t\t\t\t\t\t\t\t\t<span class=\"elementor-button-text\">Nachtwandeling<\/span>\n\t\t\t\t\t<\/span>\n\t\t\t\t\t<\/a>\n\t\t\t\t<\/div>\n\t\t\t\t\t\t\t\t<\/div>\n\t\t\t\t<\/div>\n\t\t\t\t<div class=\"elementor-element elementor-element-1148337c elementor-tablet-align-right elementor-align-justify elementor-mobile-align-center elementor-widget__width-initial elementor-widget elementor-widget-button\" data-id=\"1148337c\" data-element_type=\"widget\" data-e-type=\"widget\" data-widget_type=\"button.default\">\n\t\t\t\t<div class=\"elementor-widget-container\">\n\t\t\t\t\t\t\t\t\t<div class=\"elementor-button-wrapper\">\n\t\t\t\t\t<a class=\"elementor-button elementor-button-link elementor-size-md\" href=\"https:\/\/active-in-winterberg.de\/wir-kommen-zu-dr\/\" target=\"_blank\">\n\t\t\t\t\t\t<span class=\"elementor-button-content-wrapper\">\n\t\t\t\t\t\t\t\t\t<span class=\"elementor-button-text\">GPS-tour<\/span>\n\t\t\t\t\t<\/span>\n\t\t\t\t\t<\/a>\n\t\t\t\t<\/div>\n\t\t\t\t\t\t\t\t<\/div>\n\t\t\t\t<\/div>\n\t\t\t\t<div class=\"elementor-element elementor-element-64d2ee0b elementor-tablet-align-right elementor-align-justify elementor-mobile-align-center elementor-widget__width-inherit elementor-widget elementor-widget-button\" data-id=\"64d2ee0b\" data-element_type=\"widget\" data-e-type=\"widget\" data-widget_type=\"button.default\">\n\t\t\t\t<div class=\"elementor-widget-container\">\n\t\t\t\t\t\t\t\t\t<div class=\"elementor-button-wrapper\">\n\t\t\t\t\t<a class=\"elementor-button elementor-button-link elementor-size-md\" href=\"https:\/\/active-in-winterberg.de\/bausteine-programm\/\" target=\"_blank\">\n\t\t\t\t\t\t<span class=\"elementor-button-content-wrapper\">\n\t\t\t\t\t\t\t\t\t<span class=\"elementor-button-text\">GPS-tour<\/span>\n\t\t\t\t\t<\/span>\n\t\t\t\t\t<\/a>\n\t\t\t\t<\/div>\n\t\t\t\t\t\t\t\t<\/div>\n\t\t\t\t<\/div>\n\t\t\t\t<div class=\"elementor-element elementor-element-5bbcbdf3 elementor-tablet-align-right elementor-align-justify elementor-mobile-align-center elementor-widget__width-inherit elementor-widget elementor-widget-button\" data-id=\"5bbcbdf3\" data-element_type=\"widget\" data-e-type=\"widget\" data-widget_type=\"button.default\">\n\t\t\t\t<div class=\"elementor-widget-container\">\n\t\t\t\t\t\t\t\t\t<div class=\"elementor-button-wrapper\">\n\t\t\t\t\t<a class=\"elementor-button elementor-button-link elementor-size-md\" href=\"https:\/\/active-in-winterberg.de\/winter\/\">\n\t\t\t\t\t\t<span class=\"elementor-button-content-wrapper\">\n\t\t\t\t\t\t\t\t\t<span class=\"elementor-button-text\">Boogschieten<\/span>\n\t\t\t\t\t<\/span>\n\t\t\t\t\t<\/a>\n\t\t\t\t<\/div>\n\t\t\t\t\t\t\t\t<\/div>\n\t\t\t\t<\/div>\n\t\t\t\t<\/div>\n\t\t\t\t\t<\/div>\n\t\t\t\t<\/div>\n\t\t<div class=\"elementor-element elementor-element-1141d69 e-flex e-con-boxed e-con e-parent\" data-id=\"1141d69\" data-element_type=\"container\" data-e-type=\"container\">\n\t\t\t\t\t<div class=\"e-con-inner\">\n\t\t\t\t<div class=\"elementor-element elementor-element-e8070c0 elementor-widget__width-initial elementor-widget elementor-widget-text-editor\" data-id=\"e8070c0\" data-element_type=\"widget\" data-e-type=\"widget\" data-widget_type=\"text-editor.default\">\n\t\t\t\t<div class=\"elementor-widget-container\">\n\t\t\t\t\t\t\t\t\t<h1 style=\"text-align: center;\"><strong>Evenementen:<\/strong><\/h1><p style=\"text-align: center;\">Bedrijfsuitje, vrijgezellenfeest, verjaardag of zomerkamp &#8211; onze belevingspedagogische Evenementen bieden elk gezelschap de perfecte mix tussen avontuur, plezier en teamspirit! Ervaar samen een onvergetelijke belevenis, die het groepsgevoel versterken, nieuwe perspectieven bieden en voor iedereen plezier maken!\u00a0<\/p><p style=\"text-align: center;\">Voor elke gelegenheid een passende belevennis!<\/p><p style=\"text-align: center;\"><strong><span style=\"color: #0000ff;\"><a style=\"color: #0000ff;\" href=\"https:\/\/active-in-winterberg.de\/nl\/firmenausflug\/\"><span style=\"text-decoration: underline;\"><span style=\"color: #00ccff; text-decoration: underline;\">Bedrijfsuitje:<\/span><\/span><\/a><\/span><\/strong><br \/>Versterk de samenwerking binnen jullie bedrijf!<br \/>Bij ons beleef je teambuildingactiviteiten die de communicatie en samenwerking op een speelse manier bevorderen \u2013<br \/>Ideaal voor een bijzondere dag, weg van kantoor, die zorgt voor nieuwe energie en een frisse wind.<\/p><p style=\"text-align: center;\"><span style=\"color: #00ccff;\"><strong><a style=\"color: #00ccff; text-decoration: underline;\" href=\"https:\/\/active-in-winterberg.de\/nl\/junggesellenabschied\/\">Vrijgezellenfeest<\/a>:<\/strong><\/span><br \/>Maak van de laatste dag als vrijgezel een waar avontuur!<br \/>Onze buitenactiviteiten en teamuitdagingen zorgen voor veel actie en onvergetelijke momenten<br \/>\u2013 ideaal om met vrienden te vieren en er nog lang aan terug te denken.<\/p><p style=\"text-align: center;\"><span style=\"color: #0000ff;\"><a style=\"color: #0000ff;\" href=\"https:\/\/active-in-winterberg.de\/nl\/kinder-geburtstag\/\"><strong><span style=\"text-decoration: underline;\"><span style=\"color: #00ccff; text-decoration: underline;\">Verjaardagsfeestje:<\/span><\/span><\/strong><\/a><\/span><br \/>Een buitengewone verjaardag voor uw kind!<br \/>Met spannende avonturen, creatieve opdrachten en buitenspellen bieden wij een onvergetelijke ervaring.<br \/>Een inspirerende en leerzame dag vol speelplezier. Het perfecte evenement voor kleine ontdekkingsreizigers!<\/p><p style=\"text-align: center;\"><span style=\"color: #0000ff;\"><a style=\"color: #0000ff;\" href=\"https:\/\/active-in-winterberg.de\/nl\/ferienfreizeit\/\"><strong><span style=\"text-decoration: underline;\"><span style=\"color: #00ccff; text-decoration: underline;\">Zomerkamp 2025:<\/span><\/span><\/strong><\/a><\/span><br \/>Verveling? Niet bij ons!<br \/>Met ons Active Camp of Mountain Bike Camp beleven kinderen en jongeren spannende avonturen.<br \/>We brengen dynamische dagen met hen door die hun horizon verbreden en hun teamvaardigheden bevorderen.<\/p><h3 style=\"text-align: center;\">Voor een gevarieerd eendaags of meerdaags programma,<br \/>Onze bouwstenen zijn naar wens te combineren.<\/h3><p style=\"text-align: center;\">Waarom ervaringsgerichte educatieve evenementen?<\/p><p>Samen groeien: Elke deelnemer leert niet alleen zichzelf, maar ook het team op een nieuwe manier kennen.<\/p><p>Plezier en actie: Iedereen krijgt waar voor zijn geld door spannende uitdagingen &#8211; van avonturen in de natuur tot creatieve teamtaken.<\/p><p>Onvergetelijke herinneringen: ervaringen die verbinden en in het geheugen gegrift blijven \u2013 een hoogtepunt voor alle deelnemers.<\/p><p>Klaar voor je volgende avontuur? Bij ons beleef je evenementen die nog lang effect zullen hebben!<\/p>\t\t\t\t\t\t\t\t<\/div>\n\t\t\t\t<\/div>\n\t\t\t\t\t<\/div>\n\t\t\t\t<\/div>\n\t\t\t\t<section class=\"elementor-section elementor-top-section elementor-element elementor-element-5b7a4ae4 elementor-section-content-middle elementor-section-boxed elementor-section-height-default elementor-section-height-default\" data-id=\"5b7a4ae4\" data-element_type=\"section\" data-e-type=\"section\" data-settings=\"{&quot;background_background&quot;:&quot;classic&quot;}\">\n\t\t\t\t\t\t\t<div class=\"elementor-background-overlay\"><\/div>\n\t\t\t\t\t\t\t<div class=\"elementor-container elementor-column-gap-extended\">\n\t\t\t\t\t<div class=\"elementor-column elementor-col-25 elementor-top-column elementor-element elementor-element-16f94b05\" data-id=\"16f94b05\" data-element_type=\"column\" data-e-type=\"column\">\n\t\t\t<div class=\"elementor-widget-wrap elementor-element-populated\">\n\t\t\t\t\t\t<section class=\"elementor-section elementor-inner-section elementor-element elementor-element-2f6690bc elementor-section-boxed elementor-section-height-default elementor-section-height-default\" data-id=\"2f6690bc\" data-element_type=\"section\" data-e-type=\"section\">\n\t\t\t\t\t\t<div class=\"elementor-container elementor-column-gap-no\">\n\t\t\t\t\t<div class=\"elementor-column elementor-col-100 elementor-inner-column elementor-element elementor-element-77f0a52d elementor-hidden-mobile elementor-invisible\" data-id=\"77f0a52d\" data-element_type=\"column\" data-e-type=\"column\" data-settings=\"{&quot;animation&quot;:&quot;fadeIn&quot;,&quot;animation_delay&quot;:150}\">\n\t\t\t<div class=\"elementor-widget-wrap elementor-element-populated\">\n\t\t\t\t\t\t<div class=\"elementor-element elementor-element-19d34e2e elementor-invisible elementor-widget elementor-widget-heading\" data-id=\"19d34e2e\" data-element_type=\"widget\" data-e-type=\"widget\" data-settings=\"{&quot;_animation&quot;:&quot;fadeIn&quot;}\" data-widget_type=\"heading.default\">\n\t\t\t\t<div class=\"elementor-widget-container\">\n\t\t\t\t\t<h3 class=\"elementor-heading-title elementor-size-medium\">Kontakt<\/h3>\t\t\t\t<\/div>\n\t\t\t\t<\/div>\n\t\t\t\t\t<\/div>\n\t\t<\/div>\n\t\t\t\t\t<\/div>\n\t\t<\/section>\n\t\t\t\t<div class=\"elementor-element elementor-element-aaf4cb6 elementor-widget elementor-widget-text-editor\" data-id=\"aaf4cb6\" data-element_type=\"widget\" data-e-type=\"widget\" data-widget_type=\"text-editor.default\">\n\t\t\t\t<div class=\"elementor-widget-container\">\n\t\t\t\t\t\t\t\t\t<p>Buro:<br \/>Eugene Bolder<br \/>Actice in Winterberg<br \/>Bergstra\u00dfe 35<br \/>59955\u00a0 Winterberg<\/p>\t\t\t\t\t\t\t\t<\/div>\n\t\t\t\t<\/div>\n\t\t\t\t<div class=\"elementor-element elementor-element-24f195c5 elementor-widget elementor-widget-text-editor\" data-id=\"24f195c5\" data-element_type=\"widget\" data-e-type=\"widget\" data-widget_type=\"text-editor.default\">\n\t\t\t\t<div class=\"elementor-widget-container\">\n\t\t\t\t\t\t\t\t\t<p>E-mail: active@in-winterberg.de<br \/>Telefoon Kantoor: +49 2981 820012<br \/>Mobiel: +49 160 6732779<\/p>\t\t\t\t\t\t\t\t<\/div>\n\t\t\t\t<\/div>\n\t\t\t\t\t<\/div>\n\t\t<\/div>\n\t\t\t\t<div class=\"elementor-column elementor-col-25 elementor-top-column elementor-element elementor-element-5f4d574e\" data-id=\"5f4d574e\" data-element_type=\"column\" data-e-type=\"column\">\n\t\t\t<div class=\"elementor-widget-wrap elementor-element-populated\">\n\t\t\t\t\t\t<div class=\"elementor-element elementor-element-7b937d7c elementor-invisible elementor-widget elementor-widget-google_maps\" data-id=\"7b937d7c\" data-element_type=\"widget\" data-e-type=\"widget\" data-settings=\"{&quot;_animation&quot;:&quot;fadeIn&quot;,&quot;_animation_delay&quot;:300}\" data-widget_type=\"google_maps.default\">\n\t\t\t\t<div class=\"elementor-widget-container\">\n\t\t\t\t\t\t\t<div class=\"elementor-custom-embed\">\n\t\t\t<iframe loading=\"lazy\"\n\t\t\t\t\tsrc=\"https:\/\/maps.google.com\/maps?q=59955%20Am%20Waltenberg%20119&#038;t=m&#038;z=10&#038;output=embed&#038;iwloc=near\"\n\t\t\t\t\ttitle=\"59955 Am Waltenberg 119\"\n\t\t\t\t\taria-label=\"59955 Am Waltenberg 119\"\n\t\t\t><\/iframe>\n\t\t<\/div>\n\t\t\t\t\t\t<\/div>\n\t\t\t\t<\/div>\n\t\t\t\t<div class=\"elementor-element elementor-element-2bd8f42 elementor-widget__width-initial elementor-widget elementor-widget-text-editor\" data-id=\"2bd8f42\" data-element_type=\"widget\" data-e-type=\"widget\" data-widget_type=\"text-editor.default\">\n\t\t\t\t<div class=\"elementor-widget-container\">\n\t\t\t\t\t\t\t\t\t<p>Activiteiten: Boogschieten<br \/>Active in Winterberg<br \/>Am waltenberg 119<br \/>59955\u00a0 Winterberg<\/p>\t\t\t\t\t\t\t\t<\/div>\n\t\t\t\t<\/div>\n\t\t\t\t\t<\/div>\n\t\t<\/div>\n\t\t\t\t<div class=\"elementor-column elementor-col-25 elementor-top-column elementor-element elementor-element-2f2101a9\" data-id=\"2f2101a9\" data-element_type=\"column\" data-e-type=\"column\">\n\t\t\t<div class=\"elementor-widget-wrap elementor-element-populated\">\n\t\t\t\t\t\t<div class=\"elementor-element elementor-element-185cc22e elementor-invisible elementor-widget elementor-widget-google_maps\" data-id=\"185cc22e\" data-element_type=\"widget\" data-e-type=\"widget\" data-settings=\"{&quot;_animation&quot;:&quot;fadeIn&quot;,&quot;_animation_delay&quot;:300}\" data-widget_type=\"google_maps.default\">\n\t\t\t\t<div class=\"elementor-widget-container\">\n\t\t\t\t\t\t\t<div class=\"elementor-custom-embed\">\n\t\t\t<iframe loading=\"lazy\"\n\t\t\t\t\tsrc=\"https:\/\/maps.google.com\/maps?q=Winterbergerstrasse%202%2059955%C2%A0%20Winterberg&#038;t=m&#038;z=10&#038;output=embed&#038;iwloc=near\"\n\t\t\t\t\ttitle=\"Winterbergerstrasse 2 59955\u00a0 Winterberg\"\n\t\t\t\t\taria-label=\"Winterbergerstrasse 2 59955\u00a0 Winterberg\"\n\t\t\t><\/iframe>\n\t\t<\/div>\n\t\t\t\t\t\t<\/div>\n\t\t\t\t<\/div>\n\t\t\t\t<div class=\"elementor-element elementor-element-70628e22 elementor-widget__width-initial elementor-widget elementor-widget-text-editor\" data-id=\"70628e22\" data-element_type=\"widget\" data-e-type=\"widget\" data-widget_type=\"text-editor.default\">\n\t\t\t\t<div class=\"elementor-widget-container\">\n\t\t\t\t\t\t\t\t\t<p>Activiteiten klimmen: <br \/>Active in Winterberg<br \/><span class=\"tp-address-street\">Winterberger Str. 2<\/span><br \/><span class=\"tp-address-zip\">59955<\/span>\u00a0<span class=\"tp-address-city\">Winterberg\/Neuastenberg<\/span><\/p>\t\t\t\t\t\t\t\t<\/div>\n\t\t\t\t<\/div>\n\t\t\t\t\t<\/div>\n\t\t<\/div>\n\t\t\t\t<div class=\"elementor-column elementor-col-25 elementor-top-column elementor-element elementor-element-178dee74\" data-id=\"178dee74\" data-element_type=\"column\" data-e-type=\"column\">\n\t\t\t<div class=\"elementor-widget-wrap elementor-element-populated\">\n\t\t\t\t\t\t<div class=\"elementor-element elementor-element-12d0f09a elementor-invisible elementor-widget elementor-widget-heading\" data-id=\"12d0f09a\" data-element_type=\"widget\" data-e-type=\"widget\" data-settings=\"{&quot;_animation&quot;:&quot;fadeIn&quot;}\" data-widget_type=\"heading.default\">\n\t\t\t\t<div class=\"elementor-widget-container\">\n\t\t\t\t\t<h3 class=\"elementor-heading-title elementor-size-medium\">Social Media<\/h3>\t\t\t\t<\/div>\n\t\t\t\t<\/div>\n\t\t\t\t<div class=\"elementor-element elementor-element-42e3963e elementor-shape-square e-grid-align-left elementor-grid-0 elementor-widget elementor-widget-social-icons\" data-id=\"42e3963e\" data-element_type=\"widget\" data-e-type=\"widget\" data-widget_type=\"social-icons.default\">\n\t\t\t\t<div class=\"elementor-widget-container\">\n\t\t\t\t\t\t\t<div class=\"elementor-social-icons-wrapper elementor-grid\" role=\"list\">\n\t\t\t\t\t\t\t<span class=\"elementor-grid-item\" role=\"listitem\">\n\t\t\t\t\t<a class=\"elementor-icon elementor-social-icon elementor-social-icon-facebook-f elementor-animation-float elementor-repeater-item-fb21e6a\" href=\"https:\/\/www.facebook.com\/search\/top\/?q=active%20in%20winterberg&#038;ref=eyJzaWQiOiIwLjU2NjU3O\" target=\"_blank\">\n\t\t\t\t\t\t<span class=\"elementor-screen-only\">Facebook-f<\/span>\n\t\t\t\t\t\t<i aria-hidden=\"true\" class=\"fab fa-facebook-f\"><\/i>\t\t\t\t\t<\/a>\n\t\t\t\t<\/span>\n\t\t\t\t\t\t\t<span class=\"elementor-grid-item\" role=\"listitem\">\n\t\t\t\t\t<a class=\"elementor-icon elementor-social-icon elementor-social-icon-twitter elementor-animation-float elementor-repeater-item-2587fab\" target=\"_blank\">\n\t\t\t\t\t\t<span class=\"elementor-screen-only\">Twitter<\/span>\n\t\t\t\t\t\t<i aria-hidden=\"true\" class=\"fab fa-twitter\"><\/i>\t\t\t\t\t<\/a>\n\t\t\t\t<\/span>\n\t\t\t\t\t\t\t<span class=\"elementor-grid-item\" role=\"listitem\">\n\t\t\t\t\t<a class=\"elementor-icon elementor-social-icon elementor-social-icon-google-plus-g elementor-animation-float elementor-repeater-item-6c65ae8\" target=\"_blank\">\n\t\t\t\t\t\t<span class=\"elementor-screen-only\">Google-plus-g<\/span>\n\t\t\t\t\t\t<i aria-hidden=\"true\" class=\"fab fa-google-plus-g\"><\/i>\t\t\t\t\t<\/a>\n\t\t\t\t<\/span>\n\t\t\t\t\t\t\t<span class=\"elementor-grid-item\" role=\"listitem\">\n\t\t\t\t\t<a class=\"elementor-icon elementor-social-icon elementor-social-icon-instagram elementor-animation-float elementor-repeater-item-24da18a\" href=\"https:\/\/www.instagram.com\/activeinwinterberg\/\" target=\"_blank\">\n\t\t\t\t\t\t<span class=\"elementor-screen-only\">Instagram<\/span>\n\t\t\t\t\t\t<i aria-hidden=\"true\" class=\"fab fa-instagram\"><\/i>\t\t\t\t\t<\/a>\n\t\t\t\t<\/span>\n\t\t\t\t\t<\/div>\n\t\t\t\t\t\t<\/div>\n\t\t\t\t<\/div>\n\t\t\t\t<div class=\"elementor-element elementor-element-2b4fc322 elementor-invisible elementor-widget elementor-widget-heading\" data-id=\"2b4fc322\" data-element_type=\"widget\" data-e-type=\"widget\" data-settings=\"{&quot;_animation&quot;:&quot;fadeIn&quot;}\" data-widget_type=\"heading.default\">\n\t\t\t\t<div class=\"elementor-widget-container\">\n\t\t\t\t\t<h3 class=\"elementor-heading-title elementor-size-medium\">Algemeen<\/h3>\t\t\t\t<\/div>\n\t\t\t\t<\/div>\n\t\t\t\t<div class=\"elementor-element elementor-element-76e9cef8 elementor-widget elementor-widget-text-editor\" data-id=\"76e9cef8\" data-element_type=\"widget\" data-e-type=\"widget\" data-widget_type=\"text-editor.default\">\n\t\t\t\t<div class=\"elementor-widget-container\">\n\t\t\t\t\t\t\t\t\t<p><span style=\"color: #ffffff;\"><a style=\"color: #ffffff;\" href=\"https:\/\/active-in-winterberg.de\/job\/\">Jobs<\/a><\/span><br \/><span style=\"font-size: 14px; color: var( --e-global-color-98c3f60 );\"><span style=\"color: #ffffff;\"><a style=\"color: #ffffff;\" href=\"https:\/\/active-in-winterberg.de\/datenschutzerklaerung\/\">Datenschutz<\/a><\/span><br \/><\/span><span style=\"font-size: 14px; color: var( --e-global-color-98c3f60 );\"><span style=\"color: #ffffff;\"><a style=\"color: #ffffff;\" href=\"https:\/\/active-in-winterberg.de\/impressum\/\">Impressum<\/a><\/span><br \/><span style=\"color: #ffffff;\"><a style=\"color: #ffffff;\" href=\"https:\/\/active-in-winterberg.de\/datenschutz\/\">AGB<\/a><\/span><\/span><\/p>\t\t\t\t\t\t\t\t<\/div>\n\t\t\t\t<\/div>\n\t\t\t\t\t<\/div>\n\t\t<\/div>\n\t\t\t\t\t<\/div>\n\t\t<\/section>\n\t\t<div class=\"elementor-element elementor-element-cf76e75 e-flex e-con-boxed e-con e-parent\" data-id=\"cf76e75\" data-element_type=\"container\" data-e-type=\"container\">\n\t\t\t\t\t<div class=\"e-con-inner\">\n\t\t\t\t\t<\/div>\n\t\t\t\t<\/div>\n\t\t\t\t<\/div>\n\t\t","protected":false},"excerpt":{"rendered":"<p>Events Teamtraining Anfrageformular Wir kommen zu Dir Bausteine \/ Programm Winter Events: Egal, ob Junggesellenabschied, Ferienprogramm oder Firmenausflug \u2013 unsere erlebnisp\u00e4dagogischen Events bieten die perfekte Mischung aus Abenteuer, Spa\u00df und Teamgeist! Erleben Sie unvergessliche Erlebnisse, die den Zusammenhalt st\u00e4rken, neue Perspektiven er\u00f6ffnen und f\u00fcr jede Menge Spa\u00df sorgen. F\u00fcr jeden Anlass das passende Erlebnis: Junggesellenabschied: [&hellip;]<\/p>\n","protected":false},"author":1,"featured_media":0,"parent":0,"menu_order":0,"comment_status":"closed","ping_status":"closed","template":"","meta":{"ocean_post_layout":"full-screen","ocean_both_sidebars_style":"","ocean_both_sidebars_content_width":0,"ocean_both_sidebars_sidebars_width":0,"ocean_sidebar":"0","ocean_second_sidebar":"0","ocean_disable_margins":"enable","ocean_add_body_class":"","ocean_shortcode_before_top_bar":"","ocean_shortcode_after_top_bar":"","ocean_shortcode_before_header":"","ocean_shortcode_after_header":"","ocean_has_shortcode":"","ocean_shortcode_after_title":"","ocean_shortcode_before_footer_widgets":"","ocean_shortcode_after_footer_widgets":"","ocean_shortcode_before_footer_bottom":"","ocean_shortcode_after_footer_bottom":"","ocean_display_top_bar":"off","ocean_display_header":"default","ocean_header_style":"","ocean_center_header_left_menu":"0","ocean_custom_header_template":"0","ocean_custom_logo":0,"ocean_custom_retina_logo":0,"ocean_custom_logo_max_width":0,"ocean_custom_logo_tablet_max_width":0,"ocean_custom_logo_mobile_max_width":0,"ocean_custom_logo_max_height":0,"ocean_custom_logo_tablet_max_height":0,"ocean_custom_logo_mobile_max_height":0,"ocean_header_custom_menu":"0","ocean_menu_typo_font_family":"0","ocean_menu_typo_font_subset":"","ocean_menu_typo_font_size":0,"ocean_menu_typo_font_size_tablet":0,"ocean_menu_typo_font_size_mobile":0,"ocean_menu_typo_font_size_unit":"px","ocean_menu_typo_font_weight":"","ocean_menu_typo_font_weight_tablet":"","ocean_menu_typo_font_weight_mobile":"","ocean_menu_typo_transform":"","ocean_menu_typo_transform_tablet":"","ocean_menu_typo_transform_mobile":"","ocean_menu_typo_line_height":0,"ocean_menu_typo_line_height_tablet":0,"ocean_menu_typo_line_height_mobile":0,"ocean_menu_typo_line_height_unit":"","ocean_menu_typo_spacing":0,"ocean_menu_typo_spacing_tablet":0,"ocean_menu_typo_spacing_mobile":0,"ocean_menu_typo_spacing_unit":"","ocean_menu_link_color":"","ocean_menu_link_color_hover":"","ocean_menu_link_color_active":"","ocean_menu_link_background":"","ocean_menu_link_hover_background":"","ocean_menu_link_active_background":"","ocean_menu_social_links_bg":"","ocean_menu_social_hover_links_bg":"","ocean_menu_social_links_color":"","ocean_menu_social_hover_links_color":"","ocean_disable_title":"on","ocean_disable_heading":"default","ocean_post_title":"","ocean_post_subheading":"","ocean_post_title_style":"","ocean_post_title_background_color":"","ocean_post_title_background":0,"ocean_post_title_bg_image_position":"","ocean_post_title_bg_image_attachment":"","ocean_post_title_bg_image_repeat":"","ocean_post_title_bg_image_size":"","ocean_post_title_height":0,"ocean_post_title_bg_overlay":0.5,"ocean_post_title_bg_overlay_color":"","ocean_disable_breadcrumbs":"default","ocean_breadcrumbs_color":"","ocean_breadcrumbs_separator_color":"","ocean_breadcrumbs_links_color":"","ocean_breadcrumbs_links_hover_color":"","ocean_display_footer_widgets":"off","ocean_display_footer_bottom":"off","ocean_custom_footer_template":"0","footnotes":""},"class_list":["post-2088","page","type-page","status-publish","hentry","entry"],"_links":{"self":[{"href":"https:\/\/active-in-winterberg.de\/nl\/wp-json\/wp\/v2\/pages\/2088","targetHints":{"allow":["GET"]}}],"collection":[{"href":"https:\/\/active-in-winterberg.de\/nl\/wp-json\/wp\/v2\/pages"}],"about":[{"href":"https:\/\/active-in-winterberg.de\/nl\/wp-json\/wp\/v2\/types\/page"}],"author":[{"embeddable":true,"href":"https:\/\/active-in-winterberg.de\/nl\/wp-json\/wp\/v2\/users\/1"}],"replies":[{"embeddable":true,"href":"https:\/\/active-in-winterberg.de\/nl\/wp-json\/wp\/v2\/comments?post=2088"}],"version-history":[{"count":107,"href":"https:\/\/active-in-winterberg.de\/nl\/wp-json\/wp\/v2\/pages\/2088\/revisions"}],"predecessor-version":[{"id":6571,"href":"https:\/\/active-in-winterberg.de\/nl\/wp-json\/wp\/v2\/pages\/2088\/revisions\/6571"}],"wp:attachment":[{"href":"https:\/\/active-in-winterberg.de\/nl\/wp-json\/wp\/v2\/media?parent=2088"}],"curies":[{"name":"wp","href":"https:\/\/api.w.org\/{rel}","templated":true}]}}